{"id":12,"date":"2010-09-15T22:10:28","date_gmt":"2010-09-15T20:10:28","guid":{"rendered":"http:\/\/s339564132.online.de\/?page_id=12"},"modified":"2014-01-09T20:26:06","modified_gmt":"2014-01-09T19:26:06","slug":"photovoltaik","status":"publish","type":"page","link":"https:\/\/www.objektraum.com\/?page_id=12","title":{"rendered":"Photovoltaik"},"content":{"rendered":"<p><a href=\"https:\/\/www.objektraum.com\/wp-content\/uploads\/2010\/10\/MD2X-2459.jpg\"><img decoding=\"async\" class=\"alignleft size-medium wp-image-132\" alt=\"MD2X-2459\" src=\"https:\/\/www.objektraum.com\/wp-content\/uploads\/2010\/10\/MD2X-2459-300x163.jpg\" width=\"300\" height=\"163\" srcset=\"https:\/\/www.objektraum.com\/wp-content\/uploads\/2010\/10\/MD2X-2459-300x163.jpg 300w, https:\/\/www.objektraum.com\/wp-content\/uploads\/2010\/10\/MD2X-2459.jpg 1024w\" sizes=\"(max-width: 300px) 100vw, 300px\" \/><\/a><\/p>\n<p>&nbsp;<\/p>\n<p>Im Zusammenhang mit der bei EnergieGewinnH\u00e4usern obligatorischen Solarstromerzeugung haben auch reine Photovoltaikprojekte an Nachfrage gewonnen so das auf diesem Gebiet auch regelm\u00e4\u00dfig Projekte betreut werden.<\/p>\n<p>Bedingt durch die extremem Unterschiede der am Markt vertretenen Produkte und deren teilweise sehr eigenwillig strukturierten Vertriebswegen ist bei einem frei organisierten Einholen von Angeboten oft keinerlei Vergleichbarkeit gegeben. Oft werden auch statisch oder baulich nicht realisierbare Angebote erstellt, teilweise zweifelhafte Ware angeboten : eine vern\u00fcnftige Beurteilung und klare Empfehlung sowie geordnete Betreuung der Ausf\u00fchrung ist eine wertvolle Hilfestellung die wir zu vern\u00fcnftigen Konditionen individuell auf den jeweiligen Bedarf zugeschnitten anbieten k\u00f6nnen.<\/p>\n<p>Trotz politisch sehr ung\u00fcnstigen Rahmenbedingungen lohnt sich eine PV-Anlage auch heute noch: die Kombination mit geeigneten Technikpaketen anderer Haustechnikbereiche er\u00f6ffnet inzwischen viele interessante M\u00f6glichkeiten.<\/p>\n","protected":false},"excerpt":{"rendered":"<p>&nbsp; Im Zusammenhang mit der bei EnergieGewinnH\u00e4usern obligatorischen Solarstromerzeugung haben auch reine Photovoltaikprojekte an Nachfrage gewonnen so das auf diesem Gebiet auch regelm\u00e4\u00dfig Projekte betreut werden. Bedingt durch die extremem Unterschiede der am Markt vertretenen Produkte und deren teilweise sehr eigenwillig strukturierten Vertriebswegen ist bei einem frei organisierten Einholen von Angeboten oft keinerlei Vergleichbarkeit gegeben. [&hellip;]<\/p>\n","protected":false},"author":2,"featured_media":0,"parent":0,"menu_order":0,"comment_status":"open","ping_status":"open","template":"","meta":{"footnotes":""},"class_list":["post-12","page","type-page","status-publish","hentry"],"_links":{"self":[{"href":"https:\/\/www.objektraum.com\/index.php?rest_route=\/wp\/v2\/pages\/12","targetHints":{"allow":["GET"]}}],"collection":[{"href":"https:\/\/www.objektraum.com\/index.php?rest_route=\/wp\/v2\/pages"}],"about":[{"href":"https:\/\/www.objektraum.com\/index.php?rest_route=\/wp\/v2\/types\/page"}],"author":[{"embeddable":true,"href":"https:\/\/www.objektraum.com\/index.php?rest_route=\/wp\/v2\/users\/2"}],"replies":[{"embeddable":true,"href":"https:\/\/www.objektraum.com\/index.php?rest_route=%2Fwp%2Fv2%2Fcomments&post=12"}],"version-history":[{"count":4,"href":"https:\/\/www.objektraum.com\/index.php?rest_route=\/wp\/v2\/pages\/12\/revisions"}],"predecessor-version":[{"id":294,"href":"https:\/\/www.objektraum.com\/index.php?rest_route=\/wp\/v2\/pages\/12\/revisions\/294"}],"wp:attachment":[{"href":"https:\/\/www.objektraum.com\/index.php?rest_route=%2Fwp%2Fv2%2Fmedia&parent=12"}],"curies":[{"name":"wp","href":"https:\/\/api.w.org\/{rel}","templated":true}]}}