{"id":14,"date":"2010-09-15T22:11:26","date_gmt":"2010-09-15T20:11:26","guid":{"rendered":"http:\/\/s339564132.online.de\/?page_id=14"},"modified":"2016-04-24T19:04:51","modified_gmt":"2016-04-24T18:04:51","slug":"projekte","status":"publish","type":"page","link":"https:\/\/www.objektraum.com\/?page_id=14","title":{"rendered":"Projekte"},"content":{"rendered":"<p>Hier eine \u00dcbersicht der interessantesten Projekte der letzten Jahre. In nicht-chronologischer Reihenfolge. Viel Spa\u00df beim Durchbl\u00e4ttern!<\/p>\n","protected":false},"excerpt":{"rendered":"<p>Hier eine \u00dcbersicht der interessantesten Projekte der letzten Jahre. In nicht-chronologischer Reihenfolge. Viel Spa\u00df beim Durchbl\u00e4ttern!<\/p>\n","protected":false},"author":2,"featured_media":0,"parent":0,"menu_order":0,"comment_status":"open","ping_status":"open","template":"","meta":{"footnotes":""},"class_list":["post-14","page","type-page","status-publish","hentry"],"_links":{"self":[{"href":"https:\/\/www.objektraum.com\/index.php?rest_route=\/wp\/v2\/pages\/14","targetHints":{"allow":["GET"]}}],"collection":[{"href":"https:\/\/www.objektraum.com\/index.php?rest_route=\/wp\/v2\/pages"}],"about":[{"href":"https:\/\/www.objektraum.com\/index.php?rest_route=\/wp\/v2\/types\/page"}],"author":[{"embeddable":true,"href":"https:\/\/www.objektraum.com\/index.php?rest_route=\/wp\/v2\/users\/2"}],"replies":[{"embeddable":true,"href":"https:\/\/www.objektraum.com\/index.php?rest_route=%2Fwp%2Fv2%2Fcomments&post=14"}],"version-history":[{"count":4,"href":"https:\/\/www.objektraum.com\/index.php?rest_route=\/wp\/v2\/pages\/14\/revisions"}],"predecessor-version":[{"id":385,"href":"https:\/\/www.objektraum.com\/index.php?rest_route=\/wp\/v2\/pages\/14\/revisions\/385"}],"wp:attachment":[{"href":"https:\/\/www.objektraum.com\/index.php?rest_route=%2Fwp%2Fv2%2Fmedia&parent=14"}],"curies":[{"name":"wp","href":"https:\/\/api.w.org\/{rel}","templated":true}]}}