{"id":159,"date":"2010-10-07T12:50:12","date_gmt":"2010-10-07T10:50:12","guid":{"rendered":"http:\/\/s339564132.online.de\/?page_id=159"},"modified":"2016-04-28T10:15:55","modified_gmt":"2016-04-28T09:15:55","slug":"erweiterung-ausenraumgestaltung-mit-pool-in-alken","status":"publish","type":"page","link":"https:\/\/www.objektraum.com\/?page_id=159","title":{"rendered":"Erweiterung, Au\u00dfenraumgestaltung mit Pool in Alken"},"content":{"rendered":"<p><a href=\"https:\/\/www.objektraum.com\/wp-content\/uploads\/2010\/10\/IMG_5754_5_6_tonemapped.jpg\"><img fetchpriority=\"high\" decoding=\"async\" class=\"alignleft wp-image-114\" src=\"https:\/\/www.objektraum.com\/wp-content\/uploads\/2010\/10\/IMG_5754_5_6_tonemapped-300x200.jpg\" alt=\"IMG_5754_5_6_tonemapped\" width=\"600\" height=\"400\" srcset=\"https:\/\/www.objektraum.com\/wp-content\/uploads\/2010\/10\/IMG_5754_5_6_tonemapped-300x200.jpg 300w, https:\/\/www.objektraum.com\/wp-content\/uploads\/2010\/10\/IMG_5754_5_6_tonemapped.jpg 1024w\" sizes=\"(max-width: 600px) 100vw, 600px\" \/><\/a><a href=\"https:\/\/www.objektraum.com\/wp-content\/uploads\/2010\/10\/IMG_5748_49_50_tonemapped.jpg\"><img decoding=\"async\" class=\"alignleft wp-image-112\" src=\"https:\/\/www.objektraum.com\/wp-content\/uploads\/2010\/10\/IMG_5748_49_50_tonemapped-300x200.jpg\" alt=\"IMG_5748_49_50_tonemapped\" width=\"600\" height=\"400\" srcset=\"https:\/\/www.objektraum.com\/wp-content\/uploads\/2010\/10\/IMG_5748_49_50_tonemapped-300x200.jpg 300w, https:\/\/www.objektraum.com\/wp-content\/uploads\/2010\/10\/IMG_5748_49_50_tonemapped.jpg 1024w\" sizes=\"(max-width: 600px) 100vw, 600px\" \/><\/a><\/p>\n<p>&nbsp;<\/p>\n<p>&nbsp;<\/p>\n<p>&nbsp;<\/p>\n<p>&nbsp;<\/p>\n<p>&nbsp;<\/p>\n<p>&nbsp;<\/p>\n<p>&nbsp;<\/p>\n<p><a href=\"https:\/\/www.objektraum.com\/wp-content\/uploads\/2010\/10\/IMG_5724_5_6_tonemapped.jpg\"><img decoding=\"async\" class=\"alignleft wp-image-146\" src=\"https:\/\/www.objektraum.com\/wp-content\/uploads\/2010\/10\/IMG_5724_5_6_tonemapped-300x200.jpg\" alt=\"IMG_5724_5_6_tonemapped\" width=\"600\" height=\"400\" srcset=\"https:\/\/www.objektraum.com\/wp-content\/uploads\/2010\/10\/IMG_5724_5_6_tonemapped-300x200.jpg 300w, https:\/\/www.objektraum.com\/wp-content\/uploads\/2010\/10\/IMG_5724_5_6_tonemapped.jpg 1024w\" sizes=\"(max-width: 600px) 100vw, 600px\" \/><\/a><a href=\"https:\/\/www.objektraum.com\/wp-content\/uploads\/2010\/10\/IMG_5721_2_3_tonemapped.jpg\"><img loading=\"lazy\" decoding=\"async\" class=\"alignleft wp-image-145\" src=\"https:\/\/www.objektraum.com\/wp-content\/uploads\/2010\/10\/IMG_5721_2_3_tonemapped-300x200.jpg\" alt=\"IMG_5721_2_3_tonemapped\" width=\"600\" height=\"400\" srcset=\"https:\/\/www.objektraum.com\/wp-content\/uploads\/2010\/10\/IMG_5721_2_3_tonemapped-300x200.jpg 300w, https:\/\/www.objektraum.com\/wp-content\/uploads\/2010\/10\/IMG_5721_2_3_tonemapped.jpg 1024w\" sizes=\"(max-width: 600px) 100vw, 600px\" \/><\/a><\/p>\n<p>&nbsp;<\/p>\n<p>&nbsp;<\/p>\n<p>&nbsp;<\/p>\n<p>&nbsp;<\/p>\n<p>&nbsp;<\/p>\n<p>&nbsp;<\/p>\n<p>&nbsp;<\/p>\n<p>&nbsp;<\/p>\n<p>&nbsp;<\/p>\n<p>&nbsp;<\/p>\n<p>&nbsp;<\/p>\n<p>&nbsp;<\/p>\n<p>&nbsp;<\/p>\n<p>&nbsp;<\/p>\n<p>&nbsp;<\/p>\n<p>&nbsp;<\/p>\n<p>&nbsp;<\/p>\n<p>&nbsp;<\/p>\n<p>&nbsp;<\/p>\n<p>&nbsp;<\/p>\n<p>&nbsp;<\/p>\n<p>&nbsp;<\/p>\n<p>&nbsp;<\/p>\n<p>&nbsp;<\/p>\n<p>&nbsp;<\/p>\n<p>&nbsp;<\/p>\n<p>&nbsp;<\/p>\n<p>&nbsp;<\/p>\n<p>&nbsp;<\/p>\n<p>&nbsp;<\/p>\n<p>&nbsp;<\/p>\n<p>&nbsp;<\/p>\n<p>&nbsp;<\/p>\n<p>&nbsp;<\/p>\n<p>&nbsp;<\/p>\n<p>&nbsp;<\/p>\n<p>&nbsp;<\/p>\n<p><strong>Standort: Alken<\/strong><\/p>\n<p><strong>Bauherr: privat<\/strong><\/p>\n<p><strong>Bestand: 1980er Jahre<\/strong><\/p>\n<p><strong>Umbau\/Erweiterung: 2008\/2009<\/strong><\/p>\n<p>Das an einer starken Hanglage gelegene Geb\u00e4ude sollte auf Wunsch der Eigent\u00fcmer eine zus\u00e4tzliche Lagerfl\u00e4che in Form eines Anbaus erhalten; in diesem Zuge war auch ein Pool im Garten gew\u00fcnscht.<\/p>\n<p>Bedingt durch den urspr\u00fcnglich auf dem Gel\u00e4nde verbliebenen Aushub des Geb\u00e4udes war zum Zeitpunkt der Planung keine vern\u00fcnftige Nutzung des Gartens m\u00f6glich: die oberhalb der Terrassen\u00fcberdachung gelegene Wiese war sehr absch\u00fcssig und wurde im Zuge der Arbeiten durch einen unter dem urspr\u00fcnglichen Niveau liegenden Pool ersetzt.<\/p>\n<p>Mit Blick auf die historische Burg gelegen ist der Garten jetzt von ortstypischen Bruchsteinmauern und sympatischen Holz- und Steineinfassungen in mehreren Ebenen erfahr- und nutzbar.<\/p>\n<p>Die Fl\u00e4che oberhalb des unterirdisch gelegenen Anbaus ist jetzt als Terrasse ebenerdig nutzbar und wegen der S\u00fcd-West-Ausrichtung am Abend ein hervorragender Platz, bedingt durch den Schutz der Br\u00fcstung nicht einsehbar und sehr gut belichtet.<\/p>\n<p>Der Pool wird mit einer energiesparenden W\u00e4rmepumpenanlage geheizt und ist auf speziellen Wunsch hin in dem seltenen Farbton t\u00fcrkis gehalten \u2013\u00a0hierzu waren umfangreiche Arbeiten an der nicht in diesem Farbton verf\u00fcgbaren Treppenanlage notwendig.<\/p>\n","protected":false},"excerpt":{"rendered":"<p>&nbsp; &nbsp; &nbsp; &nbsp; &nbsp; &nbsp; &nbsp; &nbsp; &nbsp; &nbsp; &nbsp; &nbsp; &nbsp; &nbsp; &nbsp; &nbsp; &nbsp; &nbsp; &nbsp; &nbsp; &nbsp; &nbsp; &nbsp; &nbsp; &nbsp; &nbsp; &nbsp; &nbsp; &nbsp; &nbsp; &nbsp; &nbsp; &nbsp; &nbsp; &nbsp; &nbsp; &nbsp; &nbsp; &nbsp; &nbsp; &nbsp; &nbsp; &nbsp; &nbsp; Standort: Alken Bauherr: privat Bestand: 1980er Jahre Umbau\/Erweiterung: 2008\/2009 Das an [&hellip;]<\/p>\n","protected":false},"author":2,"featured_media":0,"parent":14,"menu_order":0,"comment_status":"open","ping_status":"open","template":"","meta":{"footnotes":""},"class_list":["post-159","page","type-page","status-publish","hentry"],"_links":{"self":[{"href":"https:\/\/www.objektraum.com\/index.php?rest_route=\/wp\/v2\/pages\/159","targetHints":{"allow":["GET"]}}],"collection":[{"href":"https:\/\/www.objektraum.com\/index.php?rest_route=\/wp\/v2\/pages"}],"about":[{"href":"https:\/\/www.objektraum.com\/index.php?rest_route=\/wp\/v2\/types\/page"}],"author":[{"embeddable":true,"href":"https:\/\/www.objektraum.com\/index.php?rest_route=\/wp\/v2\/users\/2"}],"replies":[{"embeddable":true,"href":"https:\/\/www.objektraum.com\/index.php?rest_route=%2Fwp%2Fv2%2Fcomments&post=159"}],"version-history":[{"count":10,"href":"https:\/\/www.objektraum.com\/index.php?rest_route=\/wp\/v2\/pages\/159\/revisions"}],"predecessor-version":[{"id":400,"href":"https:\/\/www.objektraum.com\/index.php?rest_route=\/wp\/v2\/pages\/159\/revisions\/400"}],"up":[{"embeddable":true,"href":"https:\/\/www.objektraum.com\/index.php?rest_route=\/wp\/v2\/pages\/14"}],"wp:attachment":[{"href":"https:\/\/www.objektraum.com\/index.php?rest_route=%2Fwp%2Fv2%2Fmedia&parent=159"}],"curies":[{"name":"wp","href":"https:\/\/api.w.org\/{rel}","templated":true}]}}