{"id":16,"date":"2010-09-15T22:11:48","date_gmt":"2010-09-15T20:11:48","guid":{"rendered":"http:\/\/s339564132.online.de\/?page_id=16"},"modified":"2012-09-24T14:03:20","modified_gmt":"2012-09-24T12:03:20","slug":"mission","status":"publish","type":"page","link":"https:\/\/www.objektraum.com\/?page_id=16","title":{"rendered":"Mission"},"content":{"rendered":"<p>Energiesparendes Bauen ist mir ein pers\u00f6nliches Anliegen: nur durch integrale Planung aller Bestandteile eines Geb\u00e4udes sind auch in Zukunft vern\u00fcnftige Bewirtschaftungskosten realisierbar. Ab von allem anderen was gute Architektur ausmacht kann Geb\u00e4udetechnik den Wohnkomfort entscheidend beeinflussen: gerne mehr davon in einem pers\u00f6nlichen Gespr\u00e4ch!<\/p>\n","protected":false},"excerpt":{"rendered":"<p>Energiesparendes Bauen ist mir ein pers\u00f6nliches Anliegen: nur durch integrale Planung aller Bestandteile eines Geb\u00e4udes sind auch in Zukunft vern\u00fcnftige Bewirtschaftungskosten realisierbar. Ab von allem anderen was gute Architektur ausmacht kann Geb\u00e4udetechnik den Wohnkomfort entscheidend beeinflussen: gerne mehr davon in einem pers\u00f6nlichen Gespr\u00e4ch!<\/p>\n","protected":false},"author":2,"featured_media":0,"parent":0,"menu_order":0,"comment_status":"open","ping_status":"open","template":"","meta":{"footnotes":""},"class_list":["post-16","page","type-page","status-publish","hentry"],"_links":{"self":[{"href":"https:\/\/www.objektraum.com\/index.php?rest_route=\/wp\/v2\/pages\/16","targetHints":{"allow":["GET"]}}],"collection":[{"href":"https:\/\/www.objektraum.com\/index.php?rest_route=\/wp\/v2\/pages"}],"about":[{"href":"https:\/\/www.objektraum.com\/index.php?rest_route=\/wp\/v2\/types\/page"}],"author":[{"embeddable":true,"href":"https:\/\/www.objektraum.com\/index.php?rest_route=\/wp\/v2\/users\/2"}],"replies":[{"embeddable":true,"href":"https:\/\/www.objektraum.com\/index.php?rest_route=%2Fwp%2Fv2%2Fcomments&post=16"}],"version-history":[{"count":3,"href":"https:\/\/www.objektraum.com\/index.php?rest_route=\/wp\/v2\/pages\/16\/revisions"}],"predecessor-version":[{"id":218,"href":"https:\/\/www.objektraum.com\/index.php?rest_route=\/wp\/v2\/pages\/16\/revisions\/218"}],"wp:attachment":[{"href":"https:\/\/www.objektraum.com\/index.php?rest_route=%2Fwp%2Fv2%2Fmedia&parent=16"}],"curies":[{"name":"wp","href":"https:\/\/api.w.org\/{rel}","templated":true}]}}