{"id":161,"date":"2010-10-07T12:50:46","date_gmt":"2010-10-07T10:50:46","guid":{"rendered":"http:\/\/s339564132.online.de\/?page_id=161"},"modified":"2014-01-09T20:30:33","modified_gmt":"2014-01-09T19:30:33","slug":"umbau-und-sanierung-eines-altbaus-in-winningen","status":"publish","type":"page","link":"https:\/\/www.objektraum.com\/?page_id=161","title":{"rendered":"Umbau und Sanierung eines Altbaus in Winningen"},"content":{"rendered":"<p>&nbsp;<\/p>\n<p><a href=\"https:\/\/www.objektraum.com\/wp-content\/uploads\/2010\/10\/IMG_6098_099_100_tonemapped.jpg\"><img fetchpriority=\"high\" decoding=\"async\" class=\"alignleft size-medium wp-image-126\" alt=\"IMG_6098_099_100_tonemapped\" src=\"https:\/\/www.objektraum.com\/wp-content\/uploads\/2010\/10\/IMG_6098_099_100_tonemapped-300x200.jpg\" width=\"300\" height=\"200\" srcset=\"https:\/\/www.objektraum.com\/wp-content\/uploads\/2010\/10\/IMG_6098_099_100_tonemapped-300x200.jpg 300w, https:\/\/www.objektraum.com\/wp-content\/uploads\/2010\/10\/IMG_6098_099_100_tonemapped.jpg 1024w\" sizes=\"(max-width: 300px) 100vw, 300px\" \/><\/a><a href=\"https:\/\/www.objektraum.com\/wp-content\/uploads\/2010\/10\/IMG_6068_69_70_tonemapped.jpg\"><img decoding=\"async\" class=\"alignleft size-medium wp-image-121\" alt=\"IMG_6068_69_70_tonemapped\" src=\"https:\/\/www.objektraum.com\/wp-content\/uploads\/2010\/10\/IMG_6068_69_70_tonemapped-300x200.jpg\" width=\"300\" height=\"200\" srcset=\"https:\/\/www.objektraum.com\/wp-content\/uploads\/2010\/10\/IMG_6068_69_70_tonemapped-300x200.jpg 300w, https:\/\/www.objektraum.com\/wp-content\/uploads\/2010\/10\/IMG_6068_69_70_tonemapped.jpg 1024w\" sizes=\"(max-width: 300px) 100vw, 300px\" \/><\/a><\/p>\n<p>&nbsp;<\/p>\n<p>&nbsp;<\/p>\n<p>&nbsp;<\/p>\n<p>&nbsp;<\/p>\n<p>&nbsp;<\/p>\n<p>&nbsp;<\/p>\n<p><a href=\"https:\/\/www.objektraum.com\/wp-content\/uploads\/2010\/10\/IMG_6145_4_3_tonemapped.jpg\"><img decoding=\"async\" class=\"alignleft size-medium wp-image-129\" alt=\"IMG_6145_4_3_tonemapped\" src=\"https:\/\/www.objektraum.com\/wp-content\/uploads\/2010\/10\/IMG_6145_4_3_tonemapped-200x300.jpg\" width=\"200\" height=\"300\" srcset=\"https:\/\/www.objektraum.com\/wp-content\/uploads\/2010\/10\/IMG_6145_4_3_tonemapped-200x300.jpg 200w, https:\/\/www.objektraum.com\/wp-content\/uploads\/2010\/10\/IMG_6145_4_3_tonemapped.jpg 683w\" sizes=\"(max-width: 200px) 100vw, 200px\" \/><\/a><\/p>\n<p><a href=\"https:\/\/www.objektraum.com\/wp-content\/uploads\/2010\/10\/IMG_6077_8_9_tonemapped.jpg\"><img loading=\"lazy\" decoding=\"async\" class=\"alignleft size-medium wp-image-123\" alt=\"IMG_6077_8_9_tonemapped\" src=\"https:\/\/www.objektraum.com\/wp-content\/uploads\/2010\/10\/IMG_6077_8_9_tonemapped-200x300.jpg\" width=\"200\" height=\"300\" srcset=\"https:\/\/www.objektraum.com\/wp-content\/uploads\/2010\/10\/IMG_6077_8_9_tonemapped-200x300.jpg 200w, https:\/\/www.objektraum.com\/wp-content\/uploads\/2010\/10\/IMG_6077_8_9_tonemapped.jpg 683w\" sizes=\"(max-width: 200px) 100vw, 200px\" \/><\/a><a href=\"https:\/\/www.objektraum.com\/wp-content\/uploads\/2010\/10\/IMG_6125_6_7_tonemapped.jpg\"><img loading=\"lazy\" decoding=\"async\" class=\"alignleft size-medium wp-image-128\" alt=\"IMG_6125_6_7_tonemapped\" src=\"https:\/\/www.objektraum.com\/wp-content\/uploads\/2010\/10\/IMG_6125_6_7_tonemapped-200x300.jpg\" width=\"200\" height=\"300\" srcset=\"https:\/\/www.objektraum.com\/wp-content\/uploads\/2010\/10\/IMG_6125_6_7_tonemapped-200x300.jpg 200w, https:\/\/www.objektraum.com\/wp-content\/uploads\/2010\/10\/IMG_6125_6_7_tonemapped.jpg 683w\" sizes=\"(max-width: 200px) 100vw, 200px\" \/><\/a><\/p>\n<p>&nbsp;<\/p>\n<p>&nbsp;<\/p>\n<p>&nbsp;<\/p>\n<p>&nbsp;<\/p>\n<p>&nbsp;<\/p>\n<p>&nbsp;<\/p>\n<p>&nbsp;<\/p>\n<p>&nbsp;<\/p>\n<p>&nbsp;<\/p>\n<p>Sanierung eines Geb\u00e4udes aus den 1950er Jahren Top-Down<\/p>\n<p>Standort: Winningen<\/p>\n<p>Bauherr: privat<\/p>\n<p>Baujahr: 2007-2010<\/p>\n<p>DG: in Zusammenarbeit mit Architekt Thomas Kessler, D\u00fcsseldorf<\/p>\n<p>Die umfangreichen Arbeiten an diesem Bestandsgeb\u00e4ude haben als klassischer Dachgeschossausbau begonnen und haben sich im Verlauf der Ma\u00dfnahme als Generalsanierung herausgestellt. Der letzte Bauabschnitt (EG) wird aktuell realisiert \u2013\u00a0die Nutzung des Geb\u00e4udes erlaubt ausnahmsweise ein abschnittsweises Vorgehen bei der Gesamtma\u00dfnahme.<\/p>\n<p>Der Wunsch einer verbesserten Belichtung im Dachgeschoss folgend wurde neben Teilen der alten Trennwandstellungen eine gro\u00dfz\u00fcgig verglaste und in voller H\u00f6he nutzbare Gaube (inkl. neuem Dachstuhl) errichtet und den aktuellen Verh\u00e4ltnissen entsprechend ein deutlich erh\u00f6hter Komfort- und Ausstattungslevel realisiert. Dies schlie\u00dft die zugluftfreie und weitestgehend unsichtbar integrierte Klimatisierung des Dachgeschosses (W\u00e4rmepumpentechnologie) und eine sorgf\u00e4ltige Auswahl an Oberfl\u00e4chen, Ausstattung und Bel\u00e4gen mit ein. Dass es dem Kunden gef\u00e4llt ist ein besonderes Lob: der Bauherr kann dies aufgrund seiner Profession als 6-Sterne-Hoteller bestens beurteilen.<\/p>\n","protected":false},"excerpt":{"rendered":"<p>&nbsp; &nbsp; &nbsp; &nbsp; &nbsp; &nbsp; &nbsp; &nbsp; &nbsp; &nbsp; &nbsp; &nbsp; &nbsp; &nbsp; &nbsp; &nbsp; Sanierung eines Geb\u00e4udes aus den 1950er Jahren Top-Down Standort: Winningen Bauherr: privat Baujahr: 2007-2010 DG: in Zusammenarbeit mit Architekt Thomas Kessler, D\u00fcsseldorf Die umfangreichen Arbeiten an diesem Bestandsgeb\u00e4ude haben als klassischer Dachgeschossausbau begonnen und haben sich im Verlauf der [&hellip;]<\/p>\n","protected":false},"author":2,"featured_media":0,"parent":14,"menu_order":0,"comment_status":"open","ping_status":"open","template":"","meta":{"footnotes":""},"class_list":["post-161","page","type-page","status-publish","hentry"],"_links":{"self":[{"href":"https:\/\/www.objektraum.com\/index.php?rest_route=\/wp\/v2\/pages\/161","targetHints":{"allow":["GET"]}}],"collection":[{"href":"https:\/\/www.objektraum.com\/index.php?rest_route=\/wp\/v2\/pages"}],"about":[{"href":"https:\/\/www.objektraum.com\/index.php?rest_route=\/wp\/v2\/types\/page"}],"author":[{"embeddable":true,"href":"https:\/\/www.objektraum.com\/index.php?rest_route=\/wp\/v2\/users\/2"}],"replies":[{"embeddable":true,"href":"https:\/\/www.objektraum.com\/index.php?rest_route=%2Fwp%2Fv2%2Fcomments&post=161"}],"version-history":[{"count":4,"href":"https:\/\/www.objektraum.com\/index.php?rest_route=\/wp\/v2\/pages\/161\/revisions"}],"predecessor-version":[{"id":298,"href":"https:\/\/www.objektraum.com\/index.php?rest_route=\/wp\/v2\/pages\/161\/revisions\/298"}],"up":[{"embeddable":true,"href":"https:\/\/www.objektraum.com\/index.php?rest_route=\/wp\/v2\/pages\/14"}],"wp:attachment":[{"href":"https:\/\/www.objektraum.com\/index.php?rest_route=%2Fwp%2Fv2%2Fmedia&parent=161"}],"curies":[{"name":"wp","href":"https:\/\/api.w.org\/{rel}","templated":true}]}}