{"id":163,"date":"2010-10-07T12:51:19","date_gmt":"2010-10-07T10:51:19","guid":{"rendered":"http:\/\/s339564132.online.de\/?page_id=163"},"modified":"2014-06-17T21:24:15","modified_gmt":"2014-06-17T20:24:15","slug":"sanierung-wohnhaus-in-angermund","status":"publish","type":"page","link":"https:\/\/www.objektraum.com\/?page_id=163","title":{"rendered":"Sanierung Wohnhaus in Angermund"},"content":{"rendered":"<p>&nbsp;<\/p>\n<p>&nbsp;<\/p>\n<p>&nbsp;<\/p>\n<p>&nbsp;<\/p>\n<p><a href=\"https:\/\/www.objektraum.com\/wp-content\/uploads\/2010\/10\/P1020054.jpg\"><img fetchpriority=\"high\" decoding=\"async\" class=\"alignleft size-medium wp-image-134\" src=\"https:\/\/www.objektraum.com\/wp-content\/uploads\/2010\/10\/P1020054-300x225.jpg\" alt=\"P1020054\" width=\"300\" height=\"225\" srcset=\"https:\/\/www.objektraum.com\/wp-content\/uploads\/2010\/10\/P1020054-300x225.jpg 300w, https:\/\/www.objektraum.com\/wp-content\/uploads\/2010\/10\/P1020054.jpg 1024w\" sizes=\"(max-width: 300px) 100vw, 300px\" \/><\/a><a href=\"https:\/\/www.objektraum.com\/wp-content\/uploads\/2010\/10\/P1020062.jpg\"><img decoding=\"async\" class=\"alignleft size-medium wp-image-135\" src=\"https:\/\/www.objektraum.com\/wp-content\/uploads\/2010\/10\/P1020062-300x225.jpg\" alt=\"P1020062\" width=\"300\" height=\"225\" srcset=\"https:\/\/www.objektraum.com\/wp-content\/uploads\/2010\/10\/P1020062-300x225.jpg 300w, https:\/\/www.objektraum.com\/wp-content\/uploads\/2010\/10\/P1020062.jpg 1024w\" sizes=\"(max-width: 300px) 100vw, 300px\" \/><\/a><\/p>\n<p>&nbsp;<\/p>\n<p>&nbsp;<\/p>\n<p>&nbsp;<\/p>\n<p>&nbsp;<\/p>\n<p>&nbsp;<\/p>\n<p>&nbsp;<\/p>\n<p>&nbsp;<\/p>\n<p>&nbsp;<\/p>\n<p>Energetische Sanierung mit Fassadend\u00e4mmung<\/p>\n<p>Kernsanierung, Umgestaltung<\/p>\n<p>Standort: Angermund\/D\u00fcsseldorf<\/p>\n<p>Bauherr: privat<\/p>\n<p>Bestand: 1950er Jahre<\/p>\n<p>Umbau: 2008\/2009<\/p>\n<p>Fotos: Bauherr<\/p>\n<p>&nbsp;<\/p>\n<p>Die in einem mit altem Baumbestand in bester Wohnlage gelegene Altimmobilie sollte f\u00fcr die Familie an den aktuellen Stand der Technik angepasst werden: die vorhandenen wenig qualit\u00e4tvollen An- und Umbauten der 1960er Jahre wurden r\u00fcckgebaut und mit einem den aktuellen Wohnanspr\u00fcchen bestens gen\u00fcgenden, im Erdgeschoss offenen Grundrissen angepasst.<\/p>\n<p>&nbsp;<\/p>\n<p>Das Geb\u00e4ude setzt auf eine rundum eingesetzten Vollw\u00e4rmeschutz, eine extrem energiesparende Direkt-Kondensations-W\u00e4rmepumpe sowie Bustechnik f\u00fcr die Elektroinstallation.<\/p>\n<p>&nbsp;<\/p>\n<p>Das Geb\u00e4ude erreicht Energiewerte deutlich unter Neubauniveau und hat durch gro\u00dfz\u00fcgige Verglasungen excellente Blickbeziehungen in den vollst\u00e4ndig erhaltenen Garten.<\/p>\n<p><a href=\"https:\/\/www.objektraum.com\/wp-content\/uploads\/2010\/10\/P1020048.jpg\"><img decoding=\"async\" class=\"alignleft size-medium wp-image-154\" src=\"https:\/\/www.objektraum.com\/wp-content\/uploads\/2010\/10\/P1020048.jpg\" alt=\"P1020048\" width=\"1\" height=\"1\" \/><\/a><\/p>\n","protected":false},"excerpt":{"rendered":"<p>&nbsp; &nbsp; &nbsp; &nbsp; &nbsp; &nbsp; &nbsp; &nbsp; &nbsp; &nbsp; &nbsp; &nbsp; Energetische Sanierung mit Fassadend\u00e4mmung Kernsanierung, Umgestaltung Standort: Angermund\/D\u00fcsseldorf Bauherr: privat Bestand: 1950er Jahre Umbau: 2008\/2009 Fotos: Bauherr &nbsp; Die in einem mit altem Baumbestand in bester Wohnlage gelegene Altimmobilie sollte f\u00fcr die Familie an den aktuellen Stand der Technik angepasst werden: die vorhandenen [&hellip;]<\/p>\n","protected":false},"author":2,"featured_media":0,"parent":14,"menu_order":4,"comment_status":"open","ping_status":"open","template":"","meta":{"footnotes":""},"class_list":["post-163","page","type-page","status-publish","hentry"],"_links":{"self":[{"href":"https:\/\/www.objektraum.com\/index.php?rest_route=\/wp\/v2\/pages\/163","targetHints":{"allow":["GET"]}}],"collection":[{"href":"https:\/\/www.objektraum.com\/index.php?rest_route=\/wp\/v2\/pages"}],"about":[{"href":"https:\/\/www.objektraum.com\/index.php?rest_route=\/wp\/v2\/types\/page"}],"author":[{"embeddable":true,"href":"https:\/\/www.objektraum.com\/index.php?rest_route=\/wp\/v2\/users\/2"}],"replies":[{"embeddable":true,"href":"https:\/\/www.objektraum.com\/index.php?rest_route=%2Fwp%2Fv2%2Fcomments&post=163"}],"version-history":[{"count":6,"href":"https:\/\/www.objektraum.com\/index.php?rest_route=\/wp\/v2\/pages\/163\/revisions"}],"predecessor-version":[{"id":321,"href":"https:\/\/www.objektraum.com\/index.php?rest_route=\/wp\/v2\/pages\/163\/revisions\/321"}],"up":[{"embeddable":true,"href":"https:\/\/www.objektraum.com\/index.php?rest_route=\/wp\/v2\/pages\/14"}],"wp:attachment":[{"href":"https:\/\/www.objektraum.com\/index.php?rest_route=%2Fwp%2Fv2%2Fmedia&parent=163"}],"curies":[{"name":"wp","href":"https:\/\/api.w.org\/{rel}","templated":true}]}}