{"id":165,"date":"2010-10-07T12:52:51","date_gmt":"2010-10-07T10:52:51","guid":{"rendered":"http:\/\/s339564132.online.de\/?page_id=165"},"modified":"2016-05-13T16:01:23","modified_gmt":"2016-05-13T15:01:23","slug":"neubau-und-sanierung-ev-gemeindezentrum-winningen","status":"publish","type":"page","link":"https:\/\/www.objektraum.com\/?page_id=165","title":{"rendered":"Neubau und Sanierung ev. Gemeindezentrum Winningen"},"content":{"rendered":"<p><a href=\"https:\/\/www.objektraum.com\/wp-content\/uploads\/2013\/07\/IMG_4281.jpg\"><img fetchpriority=\"high\" decoding=\"async\" class=\"alignnone wp-image-411\" src=\"https:\/\/www.objektraum.com\/wp-content\/uploads\/IMG_3400-1024x768.jpg\" alt=\"IMG_3400\" width=\"641\" height=\"481\" srcset=\"https:\/\/www.objektraum.com\/wp-content\/uploads\/IMG_3400-1024x768.jpg 1024w, https:\/\/www.objektraum.com\/wp-content\/uploads\/IMG_3400-300x225.jpg 300w, https:\/\/www.objektraum.com\/wp-content\/uploads\/IMG_3400.jpg 1280w\" sizes=\"(max-width: 641px) 100vw, 641px\" \/><\/a><\/p>\n<p><img decoding=\"async\" class=\"alignnone wp-image-410\" src=\"https:\/\/www.objektraum.com\/wp-content\/uploads\/IMG_3399-1024x230.jpg\" alt=\"IMG_3399\" width=\"641\" height=\"144\" srcset=\"https:\/\/www.objektraum.com\/wp-content\/uploads\/IMG_3399-1024x230.jpg 1024w, https:\/\/www.objektraum.com\/wp-content\/uploads\/IMG_3399-300x67.jpg 300w, https:\/\/www.objektraum.com\/wp-content\/uploads\/IMG_3399.jpg 1280w\" sizes=\"(max-width: 641px) 100vw, 641px\" \/><a href=\"https:\/\/www.objektraum.com\/wp-content\/uploads\/2013\/07\/IMG_4281.jpg\"><br \/>\n<img decoding=\"async\" class=\"alignleft wp-image-256 size-full\" src=\"https:\/\/www.objektraum.com\/wp-content\/uploads\/2013\/07\/IMG_4281.jpg\" alt=\"IMG_4281\" width=\"640\" height=\"427\" srcset=\"https:\/\/www.objektraum.com\/wp-content\/uploads\/2013\/07\/IMG_4281.jpg 640w, https:\/\/www.objektraum.com\/wp-content\/uploads\/2013\/07\/IMG_4281-300x200.jpg 300w\" sizes=\"(max-width: 640px) 100vw, 640px\" \/><\/a><\/p>\n<p>&nbsp;<\/p>\n<p>&nbsp;<\/p>\n<p>&nbsp;<\/p>\n<p>&nbsp;<\/p>\n<p>&nbsp;<\/p>\n<p>&nbsp;<\/p>\n<p><a href=\"https:\/\/www.objektraum.com\/wp-content\/uploads\/2013\/01\/IMG_3665.jpg\"><img loading=\"lazy\" decoding=\"async\" class=\"alignleft wp-image-234\" src=\"https:\/\/www.objektraum.com\/wp-content\/uploads\/2013\/01\/IMG_3665-1024x682.jpg\" alt=\"IMG_3665\" width=\"641\" height=\"427\" srcset=\"https:\/\/www.objektraum.com\/wp-content\/uploads\/2013\/01\/IMG_3665-1024x682.jpg 1024w, https:\/\/www.objektraum.com\/wp-content\/uploads\/2013\/01\/IMG_3665-300x199.jpg 300w, https:\/\/www.objektraum.com\/wp-content\/uploads\/2013\/01\/IMG_3665.jpg 1280w\" sizes=\"(max-width: 641px) 100vw, 641px\" \/><\/a><a href=\"https:\/\/www.objektraum.com\/wp-content\/uploads\/2013\/07\/IMG_4282.jpg\"><img loading=\"lazy\" decoding=\"async\" class=\"alignleft wp-image-257 size-full\" src=\"https:\/\/www.objektraum.com\/wp-content\/uploads\/2013\/07\/IMG_4282.jpg\" alt=\"IMG_4282\" width=\"640\" height=\"427\" srcset=\"https:\/\/www.objektraum.com\/wp-content\/uploads\/2013\/07\/IMG_4282.jpg 640w, https:\/\/www.objektraum.com\/wp-content\/uploads\/2013\/07\/IMG_4282-300x200.jpg 300w\" sizes=\"(max-width: 640px) 100vw, 640px\" \/><\/a><\/p>\n<p>&nbsp;<\/p>\n<p>&nbsp;<\/p>\n<p>&nbsp;<\/p>\n<p>&nbsp;<\/p>\n<p>&nbsp;<\/p>\n<p>&nbsp;<\/p>\n<p>&nbsp;<\/p>\n<p>&nbsp;<\/p>\n<p>&nbsp;<\/p>\n<p>&nbsp;<\/p>\n<p>&nbsp;<\/p>\n<p>&nbsp;<\/p>\n<p>&nbsp;<\/p>\n<p>&nbsp;<\/p>\n<p>&nbsp;<\/p>\n<p>&nbsp;<\/p>\n<p>&nbsp;<\/p>\n<p>&nbsp;<\/p>\n<p>&nbsp;<\/p>\n<p>&nbsp;<\/p>\n<p>&nbsp;<\/p>\n<p>&nbsp;<\/p>\n<p>&nbsp;<\/p>\n<p>&nbsp;<\/p>\n<p>&nbsp;<\/p>\n<p>&nbsp;<\/p>\n<p>&nbsp;<\/p>\n<p>&nbsp;<\/p>\n<p>&nbsp;<\/p>\n<p><strong>Sanierung eines denkmalgesch\u00fctzten Geb\u00e4udes sowie Neubau eines eingeschossigen Saalbaus<\/strong><\/p>\n<p><strong>Standort: Wininngen<\/strong><\/p>\n<p><strong>Bauherr: ev. Kirchgemeinde Winningen<\/strong><\/p>\n<p><strong>Bestand: 1850<\/strong><\/p>\n<p><strong>Umbau\/Neubau: 2010-2012<\/strong><\/p>\n<p>&nbsp;<\/p>\n<p>Die Vereinigung der Liegenschaften der evangelischen Kirchengemeinde hat mit der Umnutzung der Geb\u00e4ude des ehemaligen Kindergartens im Herzen des Ortes ein gutes Ende gefunden: \u00fcber mehrere Jahre wurden kontrovers verschiedenste L\u00f6sungsm\u00f6glichkeiten erarbeitet die in enger Abstimmung mit zeitlichen und r\u00e4umlichen Nutzungsrastern einen auf einen anspruchsvollen, \u00f6konomischen und h\u00f6chst \u00f6kologischen Entwurf hinausliefen. Zus\u00e4tzlich waren die Belange der Winninger Gestaltungssatzung, Brandschutz, Denkmalschutz und anderer beteiligter Beh\u00f6rden in Einklang zu bringen. Der Entwurf erm\u00f6glicht eine trotz des nur eingeschossigen Saalbaus repr\u00e4sentative Baumasse die durch ein zur Nachbarschaft abfallendes Dach R\u00fccksicht auf die n\u00e4here Umgebung nimmt.<\/p>\n<p>Das Geb\u00e4ude ist konsequent barrierefrei erschlossen und verf\u00fcgt \u00fcber eine hochmoderne und energieoptimierte Aufzugsanlage. Die Grundrisse des Altbaus wurden auf einen m\u00f6glichst geringen Eingriff in den Bestand optimiert und stellen im Fassadenbereich einige urspr\u00fcnglich durch Eingriffe und Anbauten besch\u00e4digte Bereiche wieder her.<\/p>\n<p>Die Versiegelung des Gel\u00e4ndes wird im Zuge der Ma\u00dfnahme deutlich reduziert, eine neue Vorplatzgestaltung l\u00e4dt ein diesen halb\u00f6ffentlichen Bereich zu nutzen und beim Verweilen mit der Kirchengemeinde in Kontakt zu kommen. Der Neubau erf\u00fcllt h\u00f6chste Energiesparnormen, der Altbau unterschreitet die Anforderderungen der EnEV um 50%.<\/p>\n<p>Die Beheizung erfolgt \u00fcber eine hochmoderne Luft-Wasser-W\u00e4rmepumpe, der Saalbau wird mit zwei autarken L\u00fcftungsanlagen versehen. Die elektrischen Anlagen werden durch Pr\u00e4senzmelder und Bussteuerung f\u00fcr einen energiesparenden Betrieb optimiert, aus diesem Grund wird auch eine dezentrale Warmwasserversorgung zur Ausf\u00fchrung kommen.<\/p>\n<p>Die Arbeiten am Neubau und auch an den Au\u00dfenanlagen befinden sich auf der Zielgeraden: wir freuen uns auf das Gesamtergebnis und die Gelegenheit eine solch anspruchsvolle Architektur verwirklichen zu d\u00fcrfen.<\/p>\n","protected":false},"excerpt":{"rendered":"<p>&nbsp; &nbsp; &nbsp; &nbsp; &nbsp; &nbsp; &nbsp; &nbsp; &nbsp; &nbsp; &nbsp; &nbsp; &nbsp; &nbsp; &nbsp; &nbsp; &nbsp; &nbsp; &nbsp; &nbsp; &nbsp; &nbsp; &nbsp; &nbsp; &nbsp; &nbsp; &nbsp; &nbsp; &nbsp; &nbsp; &nbsp; &nbsp; &nbsp; &nbsp; &nbsp; Sanierung eines denkmalgesch\u00fctzten Geb\u00e4udes sowie Neubau eines eingeschossigen Saalbaus Standort: Wininngen Bauherr: ev. Kirchgemeinde Winningen Bestand: 1850 Umbau\/Neubau: 2010-2012 &nbsp; [&hellip;]<\/p>\n","protected":false},"author":2,"featured_media":0,"parent":14,"menu_order":0,"comment_status":"open","ping_status":"open","template":"","meta":{"footnotes":""},"class_list":["post-165","page","type-page","status-publish","hentry"],"_links":{"self":[{"href":"https:\/\/www.objektraum.com\/index.php?rest_route=\/wp\/v2\/pages\/165","targetHints":{"allow":["GET"]}}],"collection":[{"href":"https:\/\/www.objektraum.com\/index.php?rest_route=\/wp\/v2\/pages"}],"about":[{"href":"https:\/\/www.objektraum.com\/index.php?rest_route=\/wp\/v2\/types\/page"}],"author":[{"embeddable":true,"href":"https:\/\/www.objektraum.com\/index.php?rest_route=\/wp\/v2\/users\/2"}],"replies":[{"embeddable":true,"href":"https:\/\/www.objektraum.com\/index.php?rest_route=%2Fwp%2Fv2%2Fcomments&post=165"}],"version-history":[{"count":16,"href":"https:\/\/www.objektraum.com\/index.php?rest_route=\/wp\/v2\/pages\/165\/revisions"}],"predecessor-version":[{"id":414,"href":"https:\/\/www.objektraum.com\/index.php?rest_route=\/wp\/v2\/pages\/165\/revisions\/414"}],"up":[{"embeddable":true,"href":"https:\/\/www.objektraum.com\/index.php?rest_route=\/wp\/v2\/pages\/14"}],"wp:attachment":[{"href":"https:\/\/www.objektraum.com\/index.php?rest_route=%2Fwp%2Fv2%2Fmedia&parent=165"}],"curies":[{"name":"wp","href":"https:\/\/api.w.org\/{rel}","templated":true}]}}