{"id":2,"date":"2010-09-15T08:26:09","date_gmt":"2010-09-15T08:26:09","guid":{"rendered":"http:\/\/s339564132.online.de\/?page_id=2"},"modified":"2014-01-09T20:36:08","modified_gmt":"2014-01-09T19:36:08","slug":"eine-seite","status":"publish","type":"page","link":"https:\/\/www.objektraum.com\/?page_id=2","title":{"rendered":"EnergieGewinnHaus"},"content":{"rendered":"<p>Die meisten Neubauten erf\u00fcllen heute nur den vom Gesetzgeber vorgegebenen Standard.<\/p>\n<p>Objektraum hat bereits vor Jahren Geb\u00e4ude nach strengen Kfw-Standards gebaut und 2007\/2008 das erste Energiegewinnhaus in Winningen realisiert.<\/p>\n<p>Inzwischen sind bereits f\u00fcnf dieser Projekte realisiert worden die neben der Energieeinsparung auch ein extrem hohes Ma\u00df an Wohnkomfort bieten. Architektonisch muss kein Verzicht ge\u00fcbt werden: alle Geb\u00e4ude bestechen durch gleicherma\u00dfen hohe Entwurfs- und Wohnqualit\u00e4t und geben den Benutzern jeden Tag das Gef\u00fchl &#8222;Urlaub zu Hause&#8220; machen zu k\u00f6nnen.<\/p>\n<p>Leider ist die vom Land Rheinland-Pfalz bis zum 28.02.2013 gew\u00e4hrte F\u00f6rderung von EnergieGewinnh\u00e4usern und energieeffizienten Altbauten eingestellt worden \u2013 es bleibt zu hoffen das wir in diesem Bereich wieder ein Nachfolgeprogramm bekommen. Als Trost sei gesagt dass die Zinsen historisch niedrig, die PV-Anlagen-Preise sehr attraktiv und das Konzept nach wie vor von gro\u00dfem Interesse ist \u2013 aktuell sind alle Projekte auf dem Standard W\u00e4rmepumpe\/L\u00fcftungsanlage\/hoher D\u00e4mmstandard projektiert und werden z.T. mit PV ausgef\u00fchrt. Bedingt durch die Anrechenbarkeit von selbst erzeugtem Strom und den weiterhin steigenden Energiekosten bleibt das EnergieGewinnHaus damit eine wertvolle Alternative zum herk\u00f6mmlichen Bauen.<\/p>\n","protected":false},"excerpt":{"rendered":"<p>Die meisten Neubauten erf\u00fcllen heute nur den vom Gesetzgeber vorgegebenen Standard. Objektraum hat bereits vor Jahren Geb\u00e4ude nach strengen Kfw-Standards gebaut und 2007\/2008 das erste Energiegewinnhaus in Winningen realisiert. Inzwischen sind bereits f\u00fcnf dieser Projekte realisiert worden die neben der Energieeinsparung auch ein extrem hohes Ma\u00df an Wohnkomfort bieten. Architektonisch muss kein Verzicht ge\u00fcbt werden: [&hellip;]<\/p>\n","protected":false},"author":2,"featured_media":59,"parent":0,"menu_order":0,"comment_status":"closed","ping_status":"closed","template":"","meta":{"footnotes":""},"class_list":["post-2","page","type-page","status-publish","has-post-thumbnail","hentry"],"_links":{"self":[{"href":"https:\/\/www.objektraum.com\/index.php?rest_route=\/wp\/v2\/pages\/2","targetHints":{"allow":["GET"]}}],"collection":[{"href":"https:\/\/www.objektraum.com\/index.php?rest_route=\/wp\/v2\/pages"}],"about":[{"href":"https:\/\/www.objektraum.com\/index.php?rest_route=\/wp\/v2\/types\/page"}],"author":[{"embeddable":true,"href":"https:\/\/www.objektraum.com\/index.php?rest_route=\/wp\/v2\/users\/2"}],"replies":[{"embeddable":true,"href":"https:\/\/www.objektraum.com\/index.php?rest_route=%2Fwp%2Fv2%2Fcomments&post=2"}],"version-history":[{"count":9,"href":"https:\/\/www.objektraum.com\/index.php?rest_route=\/wp\/v2\/pages\/2\/revisions"}],"predecessor-version":[{"id":303,"href":"https:\/\/www.objektraum.com\/index.php?rest_route=\/wp\/v2\/pages\/2\/revisions\/303"}],"wp:featuredmedia":[{"embeddable":true,"href":"https:\/\/www.objektraum.com\/index.php?rest_route=\/wp\/v2\/media\/59"}],"wp:attachment":[{"href":"https:\/\/www.objektraum.com\/index.php?rest_route=%2Fwp%2Fv2%2Fmedia&parent=2"}],"curies":[{"name":"wp","href":"https:\/\/api.w.org\/{rel}","templated":true}]}}