{"id":21,"date":"2010-10-06T21:11:33","date_gmt":"2010-10-06T19:11:33","guid":{"rendered":"http:\/\/s339564132.online.de\/?page_id=21"},"modified":"2016-04-24T19:03:44","modified_gmt":"2016-04-24T18:03:44","slug":"impressum","status":"publish","type":"page","link":"https:\/\/www.objektraum.com\/?page_id=21","title":{"rendered":"Impressum"},"content":{"rendered":"<p>Verantwortlich f\u00fcr die Inhalte der Webseite:<\/p>\n<p><img decoding=\"async\" class=\"alignnone size-full wp-image-30\" src=\"https:\/\/www.objektraum.com\/wp-content\/uploads\/2010\/09\/ObjektRaum-schattenfrei-200.png\" alt=\"ObjektRaum-schattenfrei-200.png\" width=\"200\" height=\"36\" srcset=\"https:\/\/www.objektraum.com\/wp-content\/uploads\/2010\/09\/ObjektRaum-schattenfrei-200.png 200w, https:\/\/www.objektraum.com\/wp-content\/uploads\/2010\/09\/ObjektRaum-schattenfrei-200-195x36.png 195w\" sizes=\"(max-width: 200px) 100vw, 200px\" \/><\/p>\n<p>Objektraum Architektur + Medien<\/p>\n<p>Marktstra\u00dfe 45<br \/>\n56333 Winningen<br \/>\nTel: 02606 \/ 963 1992<\/p>\n<p>Fax: 02606 \/ 963 1998<\/p>\n<p>Email:\u00a0<a href=\"mailto:info@objektraum.com\">info@objektraum.com<\/a><\/p>\n<p>Dipl. Ing. Jan Kujanek<br \/>\nfreier Architekt<br \/>\nMitglied der\u00a0<a href=\"http:\/\/www.akrp.de\/\">Architektenkammer Rheinland-Pfalz<\/a><br \/>\nDie Berufsbezeichnung wurde in Deutschland verliehen<\/p>\n<p>Berufsrechtliche Regelungen:<\/p>\n<p>Architektengesetz Rheinland-Pfalz (<a href=\"http:\/\/www.akrp.de\/service\/ArchG_aus_Drucksache_4531-14.pdf\">ArchG<\/a>)<br \/>\nSatzung \u00fcber eine\u00a0<a href=\"http:\/\/www.diearchitekten.org\/?id=news.14&amp;newsidx=173\">Berufsordnung<\/a> der Architektenkammer Rheinland-Pfalz<br \/>\nHonorarordnung f\u00fcr Architekten und Ingenieure (<a href=\"http:\/\/www.hoai.de\/online\/HOAI_2009\/HOAI_2009.php\">www.hoai.de<\/a>)<\/p>\n<p>Hinweis:<\/p>\n<p>Auf den Inhalt der Seiten, die per Link mit unseren verbunden sind, haben wir keinen Einfluss. Wir sind bem\u00fcht, nur seri\u00f6se Informationsangebote zu verlinken und erbitten, uns dar\u00fcber zu informieren, wenn Seiten mit falschen Informationen, veralteten Angeboten oder gar strafrechlich relevanten Inhalten \u00fcber Links mit uns verbunden sind.<\/p>\n<p>Wir distanzieren uns ausdr\u00fccklich von allen Inhalten verlinkter Seiten oder Grafiken und machen uns diese keinesfalls zu Eigen. S\u00e4mtliche Verst\u00f6\u00dfe gegen geltendes Recht, Sitte oder Moral, welche uns bekannt werden, haben die sofortige L\u00f6schung von Eintr\u00e4gen, Grafiken oder \u00c4hnlichem zur Folge.<\/p>\n","protected":false},"excerpt":{"rendered":"<p>Verantwortlich f\u00fcr die Inhalte der Webseite: Objektraum Architektur + Medien Marktstra\u00dfe 45 56333 Winningen Tel: 02606 \/ 963 1992 Fax: 02606 \/ 963 1998 Email:\u00a0info@objektraum.com Dipl. Ing. Jan Kujanek freier Architekt Mitglied der\u00a0Architektenkammer Rheinland-Pfalz Die Berufsbezeichnung wurde in Deutschland verliehen Berufsrechtliche Regelungen: Architektengesetz Rheinland-Pfalz (ArchG) Satzung \u00fcber eine\u00a0Berufsordnung der Architektenkammer Rheinland-Pfalz Honorarordnung f\u00fcr Architekten und [&hellip;]<\/p>\n","protected":false},"author":2,"featured_media":0,"parent":0,"menu_order":0,"comment_status":"closed","ping_status":"closed","template":"","meta":{"footnotes":""},"class_list":["post-21","page","type-page","status-publish","hentry"],"_links":{"self":[{"href":"https:\/\/www.objektraum.com\/index.php?rest_route=\/wp\/v2\/pages\/21","targetHints":{"allow":["GET"]}}],"collection":[{"href":"https:\/\/www.objektraum.com\/index.php?rest_route=\/wp\/v2\/pages"}],"about":[{"href":"https:\/\/www.objektraum.com\/index.php?rest_route=\/wp\/v2\/types\/page"}],"author":[{"embeddable":true,"href":"https:\/\/www.objektraum.com\/index.php?rest_route=\/wp\/v2\/users\/2"}],"replies":[{"embeddable":true,"href":"https:\/\/www.objektraum.com\/index.php?rest_route=%2Fwp%2Fv2%2Fcomments&post=21"}],"version-history":[{"count":8,"href":"https:\/\/www.objektraum.com\/index.php?rest_route=\/wp\/v2\/pages\/21\/revisions"}],"predecessor-version":[{"id":383,"href":"https:\/\/www.objektraum.com\/index.php?rest_route=\/wp\/v2\/pages\/21\/revisions\/383"}],"wp:attachment":[{"href":"https:\/\/www.objektraum.com\/index.php?rest_route=%2Fwp%2Fv2%2Fmedia&parent=21"}],"curies":[{"name":"wp","href":"https:\/\/api.w.org\/{rel}","templated":true}]}}