{"id":316,"date":"2014-06-17T21:07:18","date_gmt":"2014-06-17T20:07:18","guid":{"rendered":"http:\/\/www.objektraum.com\/?page_id=316"},"modified":"2014-11-18T11:25:43","modified_gmt":"2014-11-18T10:25:43","slug":"buehnenhaus-am-marktplatz","status":"publish","type":"page","link":"https:\/\/www.objektraum.com\/?page_id=316","title":{"rendered":"B\u00fchnenhaus am Marktplatz"},"content":{"rendered":"<p><a href=\"https:\/\/www.objektraum.com\/wp-content\/uploads\/2014\/06\/IMG_8263.jpg\"><img fetchpriority=\"high\" decoding=\"async\" class=\"alignleft size-large wp-image-319\" src=\"https:\/\/www.objektraum.com\/wp-content\/uploads\/2014\/06\/IMG_8263-1024x682.jpg\" alt=\"IMG_8263\" width=\"700\" height=\"466\" srcset=\"https:\/\/www.objektraum.com\/wp-content\/uploads\/2014\/06\/IMG_8263-1024x682.jpg 1024w, https:\/\/www.objektraum.com\/wp-content\/uploads\/2014\/06\/IMG_8263-300x199.jpg 300w, https:\/\/www.objektraum.com\/wp-content\/uploads\/2014\/06\/IMG_8263-600x400.jpg 600w, https:\/\/www.objektraum.com\/wp-content\/uploads\/2014\/06\/IMG_8263-460x306.jpg 460w, https:\/\/www.objektraum.com\/wp-content\/uploads\/2014\/06\/IMG_8263-688x458.jpg 688w, https:\/\/www.objektraum.com\/wp-content\/uploads\/2014\/06\/IMG_8263.jpg 1280w\" sizes=\"(max-width: 700px) 100vw, 700px\" \/><\/a>An prominenter Stelle in Winningen entsteht gerade der Umbau eines ehemals durch den Abriss alter H\u00e4user zur Schaffung des Marktplatzes entstandenen Objektes welcher der Grundidee eines Wettbewerbsgewinns des damaligen B\u00fcros objektraum Brost + Kujanek folgt: statt einer blo\u00dfen Fassade das Geb\u00e4ude mit einer echten Nutzung zu f\u00fcllen.<\/p>\n<p>Es entsteht ein gro\u00dfz\u00fcgiges Einfamilienhaus mit sehr attraktiven gut belichteten R\u00e4umen, die einen einmaligen Blick \u00fcber den Marktplatz erlauben.<\/p>\n<p>Erm\u00f6glicht wurde dieses Projekt durch gro\u00dfz\u00fcgige Spenden der Winninger B\u00fcrgerschaft, den Einsatz von F\u00f6rdergeldern\u00a0der Dorferneuerung, dem Einsatz von Mitteln\u00a0der Gemeinde Winningen sowie dem Eigent\u00fcmer der Immobilie. Eine sicherlich seltene Konstellation, in diesem Fall aber zum Gewinn\u00a0aller Beteiligten.<\/p>\n","protected":false},"excerpt":{"rendered":"<p>An prominenter Stelle in Winningen entsteht gerade der Umbau eines ehemals durch den Abriss alter H\u00e4user zur Schaffung des Marktplatzes entstandenen Objektes welcher der Grundidee eines Wettbewerbsgewinns des damaligen B\u00fcros objektraum Brost + Kujanek folgt: statt einer blo\u00dfen Fassade das Geb\u00e4ude mit einer echten Nutzung zu f\u00fcllen. Es entsteht ein gro\u00dfz\u00fcgiges Einfamilienhaus mit sehr attraktiven [&hellip;]<\/p>\n","protected":false},"author":2,"featured_media":0,"parent":14,"menu_order":1,"comment_status":"closed","ping_status":"closed","template":"","meta":{"footnotes":""},"class_list":["post-316","page","type-page","status-publish","hentry"],"_links":{"self":[{"href":"https:\/\/www.objektraum.com\/index.php?rest_route=\/wp\/v2\/pages\/316","targetHints":{"allow":["GET"]}}],"collection":[{"href":"https:\/\/www.objektraum.com\/index.php?rest_route=\/wp\/v2\/pages"}],"about":[{"href":"https:\/\/www.objektraum.com\/index.php?rest_route=\/wp\/v2\/types\/page"}],"author":[{"embeddable":true,"href":"https:\/\/www.objektraum.com\/index.php?rest_route=\/wp\/v2\/users\/2"}],"replies":[{"embeddable":true,"href":"https:\/\/www.objektraum.com\/index.php?rest_route=%2Fwp%2Fv2%2Fcomments&post=316"}],"version-history":[{"count":6,"href":"https:\/\/www.objektraum.com\/index.php?rest_route=\/wp\/v2\/pages\/316\/revisions"}],"predecessor-version":[{"id":341,"href":"https:\/\/www.objektraum.com\/index.php?rest_route=\/wp\/v2\/pages\/316\/revisions\/341"}],"up":[{"embeddable":true,"href":"https:\/\/www.objektraum.com\/index.php?rest_route=\/wp\/v2\/pages\/14"}],"wp:attachment":[{"href":"https:\/\/www.objektraum.com\/index.php?rest_route=%2Fwp%2Fv2%2Fmedia&parent=316"}],"curies":[{"name":"wp","href":"https:\/\/api.w.org\/{rel}","templated":true}]}}