{"id":36,"date":"2010-10-06T15:41:48","date_gmt":"2010-10-06T13:41:48","guid":{"rendered":"http:\/\/s339564132.online.de\/?page_id=36"},"modified":"2016-04-24T18:54:36","modified_gmt":"2016-04-24T17:54:36","slug":"energiegewinnhaus-e1","status":"publish","type":"page","link":"https:\/\/www.objektraum.com\/?page_id=36","title":{"rendered":"Energiegewinnhaus E1"},"content":{"rendered":"<p>&nbsp;<\/p>\n<p><a href=\"https:\/\/www.objektraum.com\/wp-content\/uploads\/2010\/09\/Haus-K-E1-Ansicht-S\u00fcd.jpg\"><img fetchpriority=\"high\" decoding=\"async\" class=\"alignleft wp-image-57\" src=\"https:\/\/www.objektraum.com\/wp-content\/uploads\/2010\/09\/Haus-K-E1-Ansicht-S\u00fcd-300x200.jpg\" alt=\"Haus K E1 Ansicht S\u00fcd\" width=\"600\" height=\"400\" srcset=\"https:\/\/www.objektraum.com\/wp-content\/uploads\/2010\/09\/Haus-K-E1-Ansicht-S\u00fcd-300x200.jpg 300w, https:\/\/www.objektraum.com\/wp-content\/uploads\/2010\/09\/Haus-K-E1-Ansicht-S\u00fcd.jpg 1024w\" sizes=\"(max-width: 600px) 100vw, 600px\" \/><\/a><a href=\"https:\/\/www.objektraum.com\/wp-content\/uploads\/2010\/09\/Haus-K-E1-Dachterrasse.jpg\"><img decoding=\"async\" class=\"wp-image-56 alignnone\" src=\"https:\/\/www.objektraum.com\/wp-content\/uploads\/2010\/09\/Haus-K-E1-Dachterrasse-300x200.jpg\" alt=\"Haus K E1 Dachterrasse\" width=\"600\" height=\"400\" srcset=\"https:\/\/www.objektraum.com\/wp-content\/uploads\/2010\/09\/Haus-K-E1-Dachterrasse-300x200.jpg 300w, https:\/\/www.objektraum.com\/wp-content\/uploads\/2010\/09\/Haus-K-E1-Dachterrasse.jpg 1024w\" sizes=\"(max-width: 600px) 100vw, 600px\" \/><\/a><\/p>\n<p>&nbsp;<\/p>\n<p><strong>Neubau in einer Baul\u00fccke in der Ortslage von Winningen<\/strong><\/p>\n<p><strong>Standort: Winningen<\/strong><\/p>\n<p><strong>Bauherr: privat<\/strong><\/p>\n<p><strong>Baujahr: 2007\/2008<\/strong><\/p>\n<p>F\u00fcr den Neubau des ersten Energiegewinnhauses in Winningen haben wir verschiedene Bautechniken auf die Probe gestellt: der Rohbau wurde komplett mit vorgefertigten Porenbeton-Elementen errichtet die eine Rohbauzeit von wenigen Tagen erm\u00f6glicht haben. Parallel dazu wurde ein neu verf\u00fcgbares Luft-W\u00e4rmepumpen-L\u00fcftungs-Kompaktger\u00e4t eingesetzt welches Heizung, L\u00fcftung und Warmwasserbereitung kombiniert und vom Kosten- und Raumbedarf her optimal eingeplant werden konnte.<\/p>\n<p>Als Energiegewinnhaus hat es eine konsequent nach S\u00fcden orientierte Verglasung sowie eine in den Entwurf integrierte Photovoltaikanlage die mehr Strom erzeugt als das Geb\u00e4ude ben\u00f6tigt.<\/p>\n","protected":false},"excerpt":{"rendered":"<p>&nbsp; &nbsp; Neubau in einer Baul\u00fccke in der Ortslage von Winningen Standort: Winningen Bauherr: privat Baujahr: 2007\/2008 F\u00fcr den Neubau des ersten Energiegewinnhauses in Winningen haben wir verschiedene Bautechniken auf die Probe gestellt: der Rohbau wurde komplett mit vorgefertigten Porenbeton-Elementen errichtet die eine Rohbauzeit von wenigen Tagen erm\u00f6glicht haben. Parallel dazu wurde ein neu verf\u00fcgbares [&hellip;]<\/p>\n","protected":false},"author":2,"featured_media":57,"parent":2,"menu_order":1,"comment_status":"closed","ping_status":"closed","template":"","meta":{"footnotes":""},"class_list":["post-36","page","type-page","status-publish","has-post-thumbnail","hentry"],"_links":{"self":[{"href":"https:\/\/www.objektraum.com\/index.php?rest_route=\/wp\/v2\/pages\/36","targetHints":{"allow":["GET"]}}],"collection":[{"href":"https:\/\/www.objektraum.com\/index.php?rest_route=\/wp\/v2\/pages"}],"about":[{"href":"https:\/\/www.objektraum.com\/index.php?rest_route=\/wp\/v2\/types\/page"}],"author":[{"embeddable":true,"href":"https:\/\/www.objektraum.com\/index.php?rest_route=\/wp\/v2\/users\/2"}],"replies":[{"embeddable":true,"href":"https:\/\/www.objektraum.com\/index.php?rest_route=%2Fwp%2Fv2%2Fcomments&post=36"}],"version-history":[{"count":22,"href":"https:\/\/www.objektraum.com\/index.php?rest_route=\/wp\/v2\/pages\/36\/revisions"}],"predecessor-version":[{"id":376,"href":"https:\/\/www.objektraum.com\/index.php?rest_route=\/wp\/v2\/pages\/36\/revisions\/376"}],"up":[{"embeddable":true,"href":"https:\/\/www.objektraum.com\/index.php?rest_route=\/wp\/v2\/pages\/2"}],"wp:featuredmedia":[{"embeddable":true,"href":"https:\/\/www.objektraum.com\/index.php?rest_route=\/wp\/v2\/media\/57"}],"wp:attachment":[{"href":"https:\/\/www.objektraum.com\/index.php?rest_route=%2Fwp%2Fv2%2Fmedia&parent=36"}],"curies":[{"name":"wp","href":"https:\/\/api.w.org\/{rel}","templated":true}]}}