{"id":386,"date":"2016-04-24T19:08:05","date_gmt":"2016-04-24T18:08:05","guid":{"rendered":"http:\/\/www.objektraum.com\/?page_id=386"},"modified":"2016-04-24T19:08:58","modified_gmt":"2016-04-24T18:08:58","slug":"torgartengestaltung-mit-corten","status":"publish","type":"page","link":"https:\/\/www.objektraum.com\/?page_id=386","title":{"rendered":"Torgartengestaltung mit Corten-Stahl"},"content":{"rendered":"<p><img fetchpriority=\"high\" decoding=\"async\" class=\"alignnone size-large wp-image-352\" src=\"https:\/\/www.objektraum.com\/wp-content\/uploads\/2016\/04\/IMG_1428-1024x768.jpg\" alt=\"IMG_1428\" width=\"590\" height=\"443\" srcset=\"https:\/\/www.objektraum.com\/wp-content\/uploads\/2016\/04\/IMG_1428-1024x768.jpg 1024w, https:\/\/www.objektraum.com\/wp-content\/uploads\/2016\/04\/IMG_1428-300x225.jpg 300w, https:\/\/www.objektraum.com\/wp-content\/uploads\/2016\/04\/IMG_1428-768x576.jpg 768w, https:\/\/www.objektraum.com\/wp-content\/uploads\/2016\/04\/IMG_1428.jpg 1280w\" sizes=\"(max-width: 590px) 100vw, 590px\" \/><\/p>\n<p>Auf speziellen Wunsch der Bauherrschaft wurde hier mit einfachen Mitteln ein deutlich dramatischerer Zugang zum Haus realisiert: mit integriertem zus\u00e4tzlichen PKW-Stellplatz und pflegeleicht ausformulierten Pflanzgef\u00e4\u00dfen.<\/p>\n<p>Coop mit Douglas Harsevoort, USA<\/p>\n","protected":false},"excerpt":{"rendered":"<p>Auf speziellen Wunsch der Bauherrschaft wurde hier mit einfachen Mitteln ein deutlich dramatischerer Zugang zum Haus realisiert: mit integriertem zus\u00e4tzlichen PKW-Stellplatz und pflegeleicht ausformulierten Pflanzgef\u00e4\u00dfen. Coop mit Douglas Harsevoort, USA<\/p>\n","protected":false},"author":2,"featured_media":0,"parent":14,"menu_order":0,"comment_status":"closed","ping_status":"closed","template":"","meta":{"footnotes":""},"class_list":["post-386","page","type-page","status-publish","hentry"],"_links":{"self":[{"href":"https:\/\/www.objektraum.com\/index.php?rest_route=\/wp\/v2\/pages\/386","targetHints":{"allow":["GET"]}}],"collection":[{"href":"https:\/\/www.objektraum.com\/index.php?rest_route=\/wp\/v2\/pages"}],"about":[{"href":"https:\/\/www.objektraum.com\/index.php?rest_route=\/wp\/v2\/types\/page"}],"author":[{"embeddable":true,"href":"https:\/\/www.objektraum.com\/index.php?rest_route=\/wp\/v2\/users\/2"}],"replies":[{"embeddable":true,"href":"https:\/\/www.objektraum.com\/index.php?rest_route=%2Fwp%2Fv2%2Fcomments&post=386"}],"version-history":[{"count":2,"href":"https:\/\/www.objektraum.com\/index.php?rest_route=\/wp\/v2\/pages\/386\/revisions"}],"predecessor-version":[{"id":389,"href":"https:\/\/www.objektraum.com\/index.php?rest_route=\/wp\/v2\/pages\/386\/revisions\/389"}],"up":[{"embeddable":true,"href":"https:\/\/www.objektraum.com\/index.php?rest_route=\/wp\/v2\/pages\/14"}],"wp:attachment":[{"href":"https:\/\/www.objektraum.com\/index.php?rest_route=%2Fwp%2Fv2%2Fmedia&parent=386"}],"curies":[{"name":"wp","href":"https:\/\/api.w.org\/{rel}","templated":true}]}}