{"id":390,"date":"2016-04-24T19:16:53","date_gmt":"2016-04-24T18:16:53","guid":{"rendered":"http:\/\/www.objektraum.com\/?page_id=390"},"modified":"2016-04-24T19:17:00","modified_gmt":"2016-04-24T18:17:00","slug":"umbau-eines-1960er-architektenhauses","status":"publish","type":"page","link":"https:\/\/www.objektraum.com\/?page_id=390","title":{"rendered":"Umbau eines 1960er -Architektenhauses"},"content":{"rendered":"<p><img fetchpriority=\"high\" decoding=\"async\" class=\"alignnone size-large wp-image-392\" src=\"https:\/\/www.objektraum.com\/wp-content\/uploads\/IMG_9742-1024x682.jpg\" alt=\"IMG_9742\" width=\"590\" height=\"393\" srcset=\"https:\/\/www.objektraum.com\/wp-content\/uploads\/IMG_9742-1024x682.jpg 1024w, https:\/\/www.objektraum.com\/wp-content\/uploads\/IMG_9742-300x200.jpg 300w, https:\/\/www.objektraum.com\/wp-content\/uploads\/IMG_9742.jpg 1280w\" sizes=\"(max-width: 590px) 100vw, 590px\" \/><img decoding=\"async\" class=\"alignnone size-large wp-image-391\" src=\"https:\/\/www.objektraum.com\/wp-content\/uploads\/IMG_9737-1024x682.jpg\" alt=\"IMG_9737\" width=\"590\" height=\"393\" srcset=\"https:\/\/www.objektraum.com\/wp-content\/uploads\/IMG_9737-1024x682.jpg 1024w, https:\/\/www.objektraum.com\/wp-content\/uploads\/IMG_9737-300x200.jpg 300w, https:\/\/www.objektraum.com\/wp-content\/uploads\/IMG_9737.jpg 1280w\" sizes=\"(max-width: 590px) 100vw, 590px\" \/><\/p>\n<p><strong>Umbau und Dachgeschossausbau einer Doppelhaus-H\u00e4lfte<\/strong><\/p>\n<p><strong>Standort:\u00a0Koblenz &#8211; Arzheim<\/strong><\/p>\n<p><strong>Bauherr: privat<\/strong><\/p>\n<p><strong>Baujahr: 1964\/2013<\/strong><\/p>\n<p>&nbsp;<\/p>\n<p>Ein ehemals ungenutzter Dachraum wurde mit Hilfe von vier gro\u00dfen Gauben zu einem Areal f\u00fcr einen kreativ begabten Bauherren nebst Familie mit drei Kindern: zus\u00e4tzlich entstanden Technikr\u00e4ume + Studio im KG.<\/p>\n<p>Der mit Hilfe von W\u00e4rmepumpe, Kaminofen, L\u00fcftungsanlage und Rundum-D\u00e4mmung erreichte KfW -85 Standard war auch zur F\u00f6rderung durch die EOR nebst den \u00fcblichen KfW-Mitteln ein echter Gewinn f\u00fcr die Auftraggeber. Erhalten werden konnte der ungew\u00f6hnliche H\u00f6henversatz im Wohnraum, jetzt allerdings mit recht luftigen und deutlich wandfreieren Grundrissen.<\/p>\n<p>&nbsp;<\/p>\n<p>&nbsp;<\/p>\n","protected":false},"excerpt":{"rendered":"<p>Umbau und Dachgeschossausbau einer Doppelhaus-H\u00e4lfte Standort:\u00a0Koblenz &#8211; Arzheim Bauherr: privat Baujahr: 1964\/2013 &nbsp; Ein ehemals ungenutzter Dachraum wurde mit Hilfe von vier gro\u00dfen Gauben zu einem Areal f\u00fcr einen kreativ begabten Bauherren nebst Familie mit drei Kindern: zus\u00e4tzlich entstanden Technikr\u00e4ume + Studio im KG. Der mit Hilfe von W\u00e4rmepumpe, Kaminofen, L\u00fcftungsanlage und Rundum-D\u00e4mmung erreichte KfW [&hellip;]<\/p>\n","protected":false},"author":2,"featured_media":0,"parent":14,"menu_order":0,"comment_status":"closed","ping_status":"closed","template":"","meta":{"footnotes":""},"class_list":["post-390","page","type-page","status-publish","hentry"],"_links":{"self":[{"href":"https:\/\/www.objektraum.com\/index.php?rest_route=\/wp\/v2\/pages\/390","targetHints":{"allow":["GET"]}}],"collection":[{"href":"https:\/\/www.objektraum.com\/index.php?rest_route=\/wp\/v2\/pages"}],"about":[{"href":"https:\/\/www.objektraum.com\/index.php?rest_route=\/wp\/v2\/types\/page"}],"author":[{"embeddable":true,"href":"https:\/\/www.objektraum.com\/index.php?rest_route=\/wp\/v2\/users\/2"}],"replies":[{"embeddable":true,"href":"https:\/\/www.objektraum.com\/index.php?rest_route=%2Fwp%2Fv2%2Fcomments&post=390"}],"version-history":[{"count":1,"href":"https:\/\/www.objektraum.com\/index.php?rest_route=\/wp\/v2\/pages\/390\/revisions"}],"predecessor-version":[{"id":394,"href":"https:\/\/www.objektraum.com\/index.php?rest_route=\/wp\/v2\/pages\/390\/revisions\/394"}],"up":[{"embeddable":true,"href":"https:\/\/www.objektraum.com\/index.php?rest_route=\/wp\/v2\/pages\/14"}],"wp:attachment":[{"href":"https:\/\/www.objektraum.com\/index.php?rest_route=%2Fwp%2Fv2%2Fmedia&parent=390"}],"curies":[{"name":"wp","href":"https:\/\/api.w.org\/{rel}","templated":true}]}}