{"id":420,"date":"2017-11-28T18:49:15","date_gmt":"2017-11-28T17:49:15","guid":{"rendered":"http:\/\/www.objektraum.com\/?page_id=420"},"modified":"2017-11-28T18:51:39","modified_gmt":"2017-11-28T17:51:39","slug":"sanierung-eines-1960er-jahre-hauses-zum-kfw-effizienzhaus","status":"publish","type":"page","link":"https:\/\/www.objektraum.com\/?page_id=420","title":{"rendered":"Sanierung eines 1960er-Jahre-Hauses zum KfW Effizienzhaus"},"content":{"rendered":"<p>Die Substanz des Hauses war gut, das Baufenster beschr\u00e4nkt aber mit ein paar Abweichungen wurde es doch m\u00f6glich: viele Quadratmeter Wohnfl\u00e4che im neu ausgebauten Dachgeschoss, optimale D\u00e4mmung rundum und ein neu inszenierter Aufgang in die obere Wohnetage.<\/p>\n<p>Kombiniert mit zeitlosen Materialien, hochwertiger Ausstattung und modernster Haustechnik sind hochwertige Fl\u00e4chen zum Wohnen mit ganzt\u00e4gig idealer Besonnung entstanden.<\/p>\n<p>Das Haus verf\u00fcgt \u00fcber eine W\u00e4rmepumpen-Heizungsanlage mit Photovoltaik-Eigenverbrauchs-Optimierung, KNX-Bussystem, LED-Beleuchtung, kontrollierte Be- und Entl\u00fcftungsanlage, W\u00e4scheschacht und iPhone-kompatibler Sprechanlage.<\/p>\n<div id=\"attachment_421\" style=\"width: 600px\" class=\"wp-caption alignnone\"><img fetchpriority=\"high\" decoding=\"async\" aria-describedby=\"caption-attachment-421\" class=\"size-large wp-image-421\" src=\"https:\/\/www.objektraum.com\/wp-content\/uploads\/DJI_0014-1024x768.jpg\" alt=\"\" width=\"590\" height=\"443\" srcset=\"https:\/\/www.objektraum.com\/wp-content\/uploads\/DJI_0014-1024x768.jpg 1024w, https:\/\/www.objektraum.com\/wp-content\/uploads\/DJI_0014-300x225.jpg 300w\" sizes=\"(max-width: 590px) 100vw, 590px\" \/><p id=\"caption-attachment-421\" class=\"wp-caption-text\">Stra\u00dfenansicht S\u00fcdseite<\/p><\/div>\n<div id=\"attachment_422\" style=\"width: 600px\" class=\"wp-caption alignnone\"><img decoding=\"async\" aria-describedby=\"caption-attachment-422\" class=\"size-large wp-image-422\" src=\"https:\/\/www.objektraum.com\/wp-content\/uploads\/DJI_0009-1024x768.jpg\" alt=\"\" width=\"590\" height=\"443\" srcset=\"https:\/\/www.objektraum.com\/wp-content\/uploads\/DJI_0009-1024x768.jpg 1024w, https:\/\/www.objektraum.com\/wp-content\/uploads\/DJI_0009-300x225.jpg 300w\" sizes=\"(max-width: 590px) 100vw, 590px\" \/><p id=\"caption-attachment-422\" class=\"wp-caption-text\">Eckansicht S\u00fcd-Ost<\/p><\/div>\n<p><img decoding=\"async\" class=\"alignnone size-large wp-image-423\" src=\"https:\/\/www.objektraum.com\/wp-content\/uploads\/IMG_5643-683x1024.jpg\" alt=\"\" width=\"590\" height=\"885\" srcset=\"https:\/\/www.objektraum.com\/wp-content\/uploads\/IMG_5643-683x1024.jpg 683w, https:\/\/www.objektraum.com\/wp-content\/uploads\/IMG_5643-200x300.jpg 200w\" sizes=\"(max-width: 590px) 100vw, 590px\" \/> <img loading=\"lazy\" decoding=\"async\" class=\"alignnone size-large wp-image-424\" src=\"https:\/\/www.objektraum.com\/wp-content\/uploads\/IMG_5668-683x1024.jpg\" alt=\"\" width=\"590\" height=\"885\" srcset=\"https:\/\/www.objektraum.com\/wp-content\/uploads\/IMG_5668-683x1024.jpg 683w, https:\/\/www.objektraum.com\/wp-content\/uploads\/IMG_5668-200x300.jpg 200w\" sizes=\"(max-width: 590px) 100vw, 590px\" \/> <img loading=\"lazy\" decoding=\"async\" class=\"alignnone size-large wp-image-425\" src=\"https:\/\/www.objektraum.com\/wp-content\/uploads\/IMG_5664-683x1024.jpg\" alt=\"\" width=\"590\" height=\"885\" srcset=\"https:\/\/www.objektraum.com\/wp-content\/uploads\/IMG_5664-683x1024.jpg 683w, https:\/\/www.objektraum.com\/wp-content\/uploads\/IMG_5664-200x300.jpg 200w\" sizes=\"(max-width: 590px) 100vw, 590px\" \/> <img loading=\"lazy\" decoding=\"async\" class=\"alignnone size-large wp-image-426\" src=\"https:\/\/www.objektraum.com\/wp-content\/uploads\/IMG_5631-1024x683.jpg\" alt=\"\" width=\"590\" height=\"394\" srcset=\"https:\/\/www.objektraum.com\/wp-content\/uploads\/IMG_5631-1024x683.jpg 1024w, https:\/\/www.objektraum.com\/wp-content\/uploads\/IMG_5631-300x200.jpg 300w\" sizes=\"(max-width: 590px) 100vw, 590px\" \/> <img loading=\"lazy\" decoding=\"async\" class=\"alignnone size-large wp-image-427\" src=\"https:\/\/www.objektraum.com\/wp-content\/uploads\/IMG_5628-1024x683.jpg\" alt=\"\" width=\"590\" height=\"394\" srcset=\"https:\/\/www.objektraum.com\/wp-content\/uploads\/IMG_5628-1024x683.jpg 1024w, https:\/\/www.objektraum.com\/wp-content\/uploads\/IMG_5628-300x200.jpg 300w\" sizes=\"(max-width: 590px) 100vw, 590px\" \/> <img loading=\"lazy\" decoding=\"async\" class=\"alignnone size-large wp-image-428\" src=\"https:\/\/www.objektraum.com\/wp-content\/uploads\/IMG_5618-683x1024.jpg\" alt=\"\" width=\"590\" height=\"885\" srcset=\"https:\/\/www.objektraum.com\/wp-content\/uploads\/IMG_5618-683x1024.jpg 683w, https:\/\/www.objektraum.com\/wp-content\/uploads\/IMG_5618-200x300.jpg 200w\" sizes=\"(max-width: 590px) 100vw, 590px\" \/><\/p>\n","protected":false},"excerpt":{"rendered":"<p>Die Substanz des Hauses war gut, das Baufenster beschr\u00e4nkt aber mit ein paar Abweichungen wurde es doch m\u00f6glich: viele Quadratmeter Wohnfl\u00e4che im neu ausgebauten Dachgeschoss, optimale D\u00e4mmung rundum und ein neu inszenierter Aufgang in die obere Wohnetage. Kombiniert mit zeitlosen Materialien, hochwertiger Ausstattung und modernster Haustechnik sind hochwertige Fl\u00e4chen zum Wohnen mit ganzt\u00e4gig idealer Besonnung [&hellip;]<\/p>\n","protected":false},"author":2,"featured_media":0,"parent":14,"menu_order":0,"comment_status":"closed","ping_status":"closed","template":"","meta":{"footnotes":""},"class_list":["post-420","page","type-page","status-publish","hentry"],"_links":{"self":[{"href":"https:\/\/www.objektraum.com\/index.php?rest_route=\/wp\/v2\/pages\/420","targetHints":{"allow":["GET"]}}],"collection":[{"href":"https:\/\/www.objektraum.com\/index.php?rest_route=\/wp\/v2\/pages"}],"about":[{"href":"https:\/\/www.objektraum.com\/index.php?rest_route=\/wp\/v2\/types\/page"}],"author":[{"embeddable":true,"href":"https:\/\/www.objektraum.com\/index.php?rest_route=\/wp\/v2\/users\/2"}],"replies":[{"embeddable":true,"href":"https:\/\/www.objektraum.com\/index.php?rest_route=%2Fwp%2Fv2%2Fcomments&post=420"}],"version-history":[{"count":2,"href":"https:\/\/www.objektraum.com\/index.php?rest_route=\/wp\/v2\/pages\/420\/revisions"}],"predecessor-version":[{"id":431,"href":"https:\/\/www.objektraum.com\/index.php?rest_route=\/wp\/v2\/pages\/420\/revisions\/431"}],"up":[{"embeddable":true,"href":"https:\/\/www.objektraum.com\/index.php?rest_route=\/wp\/v2\/pages\/14"}],"wp:attachment":[{"href":"https:\/\/www.objektraum.com\/index.php?rest_route=%2Fwp%2Fv2%2Fmedia&parent=420"}],"curies":[{"name":"wp","href":"https:\/\/api.w.org\/{rel}","templated":true}]}}