{"id":441,"date":"2018-05-24T10:03:31","date_gmt":"2018-05-24T09:03:31","guid":{"rendered":"http:\/\/www.objektraum.com\/?page_id=441"},"modified":"2018-05-24T10:03:31","modified_gmt":"2018-05-24T09:03:31","slug":"datenschutzerklaerung","status":"publish","type":"page","link":"https:\/\/www.objektraum.com\/?page_id=441","title":{"rendered":"Datenschutzerkl\u00e4rung"},"content":{"rendered":"<p><strong>Datenschutz-Informationen<\/strong><\/p>\n<p><strong>Information \u00fcber die Erhebung personenbezogener Daten<\/strong><\/p>\n<p>Im Folgenden informieren wir \u00fcber die Erhebung und ggfs. weitere Verarbeitung (Speicherung usw.) personenbezogener Daten gem\u00e4\u00df der nach Art. 13 und Art. 14 der EU-Datenschutz-Grundverordnung (DSGVO) bestehenden Informationspflichten.<\/p>\n<p><strong>Angaben zum Verantwortlichen<\/strong><\/p>\n<p>Verantwortlicher gem. Art. 4 Abs. 7 DSGVO ist (objektraum) architektur + medien Dipl. Ing. freier Architekt Jan Kujanek<\/p>\n<p>Die unmittelbaren Kontaktdaten k\u00f6nnen Sie unserem Impressum entnehmen.<\/p>\n<p><strong>Ihre Rechte als Betroffener<\/strong><\/p>\n<p>Sie haben gegen\u00fcber uns folgende Rechte (Artt. 12 ff. DSGVO) hinsichtlich der Sie betreffenden personenbezogenen Daten:<\/p>\n<p>\u2013\u00a0\u00a0\u00a0\u00a0\u00a0\u00a0\u00a0\u00a0\u00a0 Recht auf Auskunft,<\/p>\n<p>\u2013\u00a0\u00a0\u00a0\u00a0\u00a0\u00a0\u00a0\u00a0\u00a0 Recht auf Berichtigung oder L\u00f6schung,<\/p>\n<p>\u2013\u00a0\u00a0\u00a0\u00a0\u00a0\u00a0\u00a0\u00a0\u00a0 Recht auf Einschr\u00e4nkung der Verarbeitung,<\/p>\n<p>\u2013\u00a0\u00a0\u00a0\u00a0\u00a0\u00a0\u00a0\u00a0\u00a0 Recht auf Widerspruch gegen die Verarbeitung,<\/p>\n<p>\u2013\u00a0\u00a0\u00a0\u00a0\u00a0\u00a0\u00a0\u00a0\u00a0 Recht auf Daten\u00fcbertragbarkeit.<\/p>\n<p>Sie haben zudem das Recht, sich bei einer Datenschutz-Aufsichtsbeh\u00f6rde \u00fcber die Verarbeitung Ihrer personenbezogenen Daten zu beschweren.<\/p>\n<p>Sofern Sie uns eine Einwilligung erteilt haben, k\u00f6nnen Sie diese jederzeit mit Wirkung f\u00fcr die Zukunft widerrufen, ohne dass die Rechtm\u00e4\u00dfigkeit der aufgrund der Einwilligung bis zum Widerruf erfolgten Verarbeitung ber\u00fchrt wird.<\/p>\n<p>Sofern Ihre personenbezogenen Daten auf Grundlage von berechtigten Interessen gem\u00e4\u00df Art. 6 Abs. 1 lit. f DSGVO verarbeitet werden, haben Sie das Recht, gem\u00e4\u00df Art. 21 DSGVO Widerspruch gegen die Verarbeitung Ihrer personenbezogenen Daten mit Wirkung f\u00fcr die Zukunft einzulegen, soweit daf\u00fcr Gr\u00fcnde vorliegen, die sich aus Ihrer besonderen Situation ergeben oder sich der Widerspruch gegen Direktwerbung richtet. Im letzteren Fall haben Sie ein generelles Widerspruchsrecht, das ohne Angabe einer besonderen Situation von uns umgesetzt wird.<\/p>\n<p><strong>Information \u00fcber die Weitergabe von Daten<\/strong><\/p>\n<p>Eine \u00dcbermittlung Ihrer pers\u00f6nlichen Daten an Dritte zu anderen als den in dieser Datenschutzerkl\u00e4rung und im Folgenden aufgef\u00fchrten Zwecken findet nicht statt.<\/p>\n<p>Wir geben Ihre pers\u00f6nlichen Daten nur an Dritte weiter, wenn:<\/p>\n<ul>\n<li>Sie Ihre nach Art. 6 Abs. 1 S. 1 lit. a DSGVO ausdr\u00fcckliche Einwilligung dazu erteilt haben,<\/li>\n<li>dies nach Art. 6 Abs. 1 S. 1 lit. b DSGVO f\u00fcr die Abwicklung von Vertragsverh\u00e4ltnissen mit Ihnen erforderlich ist (z.B. \u00dcbermittlung an Firmen zur Einholung entsprechender Angebote f\u00fcr das Bauvorhaben oder weitere f\u00fcr die Vertragsdurchf\u00fchrung erforderliche Dienstleister),<\/li>\n<li>f\u00fcr die Weitergabe nach Art. 6 Abs. 1 S. 1 lit. c DSGVO eine gesetzliche Verpflichtung besteht, sowie<\/li>\n<li>die Weitergabe nach Art. 6 Abs. 1 S. 1 lit. f DSGVO zur Wahrung der berechtigten Interessen von uns oder Dritten, insbesondere der Geltendmachung, Aus\u00fcbung oder Verteidigung von Rechtsanspr\u00fcchen, erforderlich ist, sofern nicht Ihre Interessen oder Grundrechte und Grundfreiheiten, die den Schutz personenbezogener Daten erfordern, \u00fcberwiegen.<\/li>\n<\/ul>\n<p>Empf\u00e4nger der Daten k\u00f6nnen auch eingesetzte Dienstleister sein, auf deren Dienste wir zum Betrieb unseres Gesch\u00e4fts (z. B. technische Dienstleister) und zur Erf\u00fcllung unserer vertraglichen Pflichten angewiesen sind und welche die Daten ausschlie\u00dflich weisungsgebunden verarbeiten; Solche Dienstleister werden im Rahmen einer Auftragsverarbeitung f\u00fcr uns t\u00e4tig.<\/p>\n<p><strong>L\u00f6schung von Daten<\/strong><\/p>\n<p>Sofern in dieser Erkl\u00e4rung nicht anders angegeben, werden personenbezogene Daten nach Wegfall des Zwecks, zu denen sie erhoben wurden, und sofern keine Aufbewahrungsfristen oder z.B. Verj\u00e4hrungsfristen von m\u00f6glicherweise der Rechtsverfolgung dienlichen Daten entgegenstehen, unverz\u00fcglich gel\u00f6scht.<\/p>\n<p><strong>Erhebung personenbezogener Daten<\/strong><\/p>\n<p>Nachfolgend informieren wir Sie, in welchen F\u00e4llen wir zu welchen Zwecken personenbezogene Daten erheben. Eine gesetzliche oder vertragliche Verpflichtung zur Angabe Ihrer Daten besteht grunds\u00e4tzlich nicht, sofern nicht ausdr\u00fccklich erw\u00e4hnt.<\/p>\n<p><strong>Erhebung personenbezogener Daten im Rahmen vertraglicher und vorvertraglicher Ma\u00dfnahmen<\/strong><\/p>\n<p>Sofern wir von Ihnen personenbezogene Daten im Rahmen vertraglicher oder vorvertraglicher Ma\u00dfnahmen erheben, verarbeiten wir diese Daten ausschlie\u00dflich zu Zwecken dieser Ma\u00dfnahmen und damit zur Erbringung unserer vertraglichen Leistungen. Rechtsgrundlage ist Art. 6 Abs. 1 lit. b DSGVO.<\/p>\n<p><strong>Nutzung der Website<\/strong><\/p>\n<p>Die Nutzung unserer Webseite ist in der Regel ohne Angabe personenbezogener Daten m\u00f6glich. Soweit auf unseren Seiten personenbezogene Daten erhoben werden, erfolgt dies, soweit m\u00f6glich, stets auf freiwilliger Basis.<\/p>\n<p>Falls wir f\u00fcr einzelne Funktionen unseres Angebots auf beauftragte Dienstleister zur\u00fcckgreifen und an diese Daten \u00fcbermittelt werden, werden wir Sie untenstehend im Detail \u00fcber die jeweiligen Vorg\u00e4nge informieren. Dabei nennen wir auch die festgelegten Kriterien der Speicherdauer.<\/p>\n<p>Bei der blo\u00df informatorischen Nutzung der Website, also wenn Sie sich nicht registrieren oder uns anderweitig Informationen \u00fcbermitteln, erheben wir die personenbezogenen Daten, die Ihr Browser an unseren Server \u00fcbermittelt. Wenn Sie unsere Website betrachten m\u00f6chten, erheben wir die folgenden Daten, die f\u00fcr uns technisch erforderlich sind, um Ihnen unsere Website anzuzeigen und die Stabilit\u00e4t und Sicherheit zu gew\u00e4hrleisten (Rechtsgrundlage ist Art. 6 Abs. 1 S. 1 lit. f DSGVO): IP-Adresse, Datum und Uhrzeit der Anfrage, Zeitzonendifferenz zur Greenwich Mean Time (GMT), Inhalt der Anforderung (konkrete Seite), Zugriffsstatus\/HTTP-Statuscode, jeweils \u00fcbertragene Datenmenge, Website, von der die Anforderung kommt, Browser, Betriebssystem und dessen Oberfl\u00e4che, Sprache und Version der Browsersoftware. Unser berechtigtes Interesse folgt aus oben aufgelisteten Zwecken zur Datenerhebung. In keinem Fall verwenden wir die erhobenen Daten zu dem Zweck, R\u00fcckschl\u00fcsse auf Ihre Person zu ziehen.<\/p>\n<p><strong>Nutzung unseres Kontaktformulars<\/strong><\/p>\n<p>Bei Fragen jeglicher Art bieten wir Ihnen die M\u00f6glichkeit, ggfs. mit uns \u00fcber ein auf der Website bereitgestelltes Formular Kontakt aufzunehmen. Dabei ist die Angabe von Kontaktinformationen erforderlich, damit wir wissen, von wem die Anfrage stammt und um diese beantworten zu k\u00f6nnen. Weitere Angaben k\u00f6nnen freiwillig get\u00e4tigt werden. Die Datenverarbeitung zum Zwecke der Kontaktaufnahme mit uns erfolgt nach Art. 6 Abs. 1 S. 1 lit. a DSGVO auf Grundlage Ihrer freiwillig erteilten Einwilligung.<\/p>\n<p>Die f\u00fcr die Benutzung des Kontaktformulars von uns erhobenen personenbezogenen Daten werden nach Erledigung der von Ihnen gestellten Anfrage und sofern diese nicht weiter aufzubewahren sind oder Sie uns eine Einwilligung zur weiteren Speicherung bis dahin erteilt haben, gel\u00f6scht.<\/p>\n<p><strong>Cookies<\/strong><\/p>\n<p>Zus\u00e4tzlich zu den zuvor genannten Daten werden bei Ihrer Nutzung unserer Website Cookies auf Ihrem Rechner gespeichert. Bei Cookies handelt es sich um kleine Textdateien, die auf Ihrer Festplatte dem von Ihnen verwendeten Browser zugeordnet gespeichert werden und durch welche der Stelle, die den Cookie setzt (hier durch uns), bestimmte Informationen zuflie\u00dfen. Cookies k\u00f6nnen keine Programme ausf\u00fchren oder Viren auf Ihren Computer \u00fcbertragen. Sie dienen dazu, das Internetangebot insgesamt nutzerfreundlicher und effektiver zu machen.<\/p>\n<p>Transiente Cookies werden automatisiert gel\u00f6scht, wenn Sie den Browser schlie\u00dfen. Dazu z\u00e4hlen insbesondere die Session-Cookies. Diese speichern eine sogenannte Session-ID, mit welcher sich verschiedene Anfragen Ihres Browsers der gemeinsamen Sitzung zuordnen lassen. Dadurch kann Ihr Rechner wiedererkannt werden, wenn Sie auf unsere Website zur\u00fcckkehren. Die Session-Cookies werden gel\u00f6scht, wenn Sie sich ausloggen oder den Browser schlie\u00dfen.<\/p>\n<p>Persistente Cookies werden automatisiert nach einer vorgegebenen Dauer gel\u00f6scht, die sich je nach Cookie unterscheiden kann. Sie k\u00f6nnen die Cookies in den Sicherheitseinstellungen Ihres Browsers jederzeit l\u00f6schen.<\/p>\n<p>Sie k\u00f6nnen Ihre Browser-Einstellung entsprechend Ihren W\u00fcnschen konfigurieren und z.\u2009B. die Annahme von Third-Party-Cookies oder allen Cookies ablehnen. Wir weisen Sie darauf hin, dass Sie eventuell nicht alle Funktionen dieser Website nutzen k\u00f6nnen.<\/p>\n<p><strong>Informationen zur Datensicherheit\u00a0<\/strong><\/p>\n<p>Wir bedienen uns geeigneter technischer und organisatorischer Sicherheitsma\u00dfnahmen, um Ihre Daten gegen zuf\u00e4llige oder vors\u00e4tzliche Manipulationen, teilweisen oder vollst\u00e4ndigen Verlust, Zerst\u00f6rung oder gegen den unbefugten Zugriff Dritter zu sch\u00fctzen. Unsere Sicherheitsma\u00dfnahmen werden entsprechend der technologischen Entwicklung fortlaufend verbessert.<\/p>\n<p>Wir weisen darauf hin, dass die Daten\u00fcbertragung im Internet (z.B. bei der Kommunikation per E-Mail) Sicherheitsl\u00fccken aufweisen kann. Insbesondere beim unverschl\u00fcsselten Versand von E-Mails k\u00f6nnen Inhalte potentiell durch Dritte mitgelesen werden. Sollten Sie eine verschl\u00fcsselte \u00dcbertragung w\u00fcnschen, sprechen Sie uns hierauf an. Ein l\u00fcckenlos garantierter Schutz der Daten vor dem Zugriff durch Dritte ist indes nicht m\u00f6glich.<\/p>\n","protected":false},"excerpt":{"rendered":"<p>Datenschutz-Informationen Information \u00fcber die Erhebung personenbezogener Daten Im Folgenden informieren wir \u00fcber die Erhebung und ggfs. weitere Verarbeitung (Speicherung usw.) personenbezogener Daten gem\u00e4\u00df der nach Art. 13 und Art. 14 der EU-Datenschutz-Grundverordnung (DSGVO) bestehenden Informationspflichten. Angaben zum Verantwortlichen Verantwortlicher gem. Art. 4 Abs. 7 DSGVO ist (objektraum) architektur + medien Dipl. Ing. freier Architekt Jan [&hellip;]<\/p>\n","protected":false},"author":2,"featured_media":0,"parent":0,"menu_order":0,"comment_status":"closed","ping_status":"closed","template":"","meta":{"footnotes":""},"class_list":["post-441","page","type-page","status-publish","hentry"],"_links":{"self":[{"href":"https:\/\/www.objektraum.com\/index.php?rest_route=\/wp\/v2\/pages\/441","targetHints":{"allow":["GET"]}}],"collection":[{"href":"https:\/\/www.objektraum.com\/index.php?rest_route=\/wp\/v2\/pages"}],"about":[{"href":"https:\/\/www.objektraum.com\/index.php?rest_route=\/wp\/v2\/types\/page"}],"author":[{"embeddable":true,"href":"https:\/\/www.objektraum.com\/index.php?rest_route=\/wp\/v2\/users\/2"}],"replies":[{"embeddable":true,"href":"https:\/\/www.objektraum.com\/index.php?rest_route=%2Fwp%2Fv2%2Fcomments&post=441"}],"version-history":[{"count":1,"href":"https:\/\/www.objektraum.com\/index.php?rest_route=\/wp\/v2\/pages\/441\/revisions"}],"predecessor-version":[{"id":443,"href":"https:\/\/www.objektraum.com\/index.php?rest_route=\/wp\/v2\/pages\/441\/revisions\/443"}],"wp:attachment":[{"href":"https:\/\/www.objektraum.com\/index.php?rest_route=%2Fwp%2Fv2%2Fmedia&parent=441"}],"curies":[{"name":"wp","href":"https:\/\/api.w.org\/{rel}","templated":true}]}}