{"id":73,"date":"2010-10-06T21:13:25","date_gmt":"2010-10-06T19:13:25","guid":{"rendered":"http:\/\/s339564132.online.de\/?page_id=73"},"modified":"2016-04-24T18:56:16","modified_gmt":"2016-04-24T17:56:16","slug":"energiegewinnhaus-e2","status":"publish","type":"page","link":"https:\/\/www.objektraum.com\/?page_id=73","title":{"rendered":"Energiegewinnhaus E2"},"content":{"rendered":"<p><a href=\"http:\/\/s339564132.online.de\/wp-content\/uploads\/2010\/10\/IMG_5801.jpg\"><img fetchpriority=\"high\" decoding=\"async\" class=\"alignnone wp-image-88\" title=\"Energiegewinn-Stadtvilla E2\" src=\"http:\/\/s339564132.online.de\/wp-content\/uploads\/2010\/10\/IMG_5801-300x200.jpg\" width=\"801\" height=\"534\" srcset=\"https:\/\/www.objektraum.com\/wp-content\/uploads\/2010\/10\/IMG_5801-300x200.jpg 300w, https:\/\/www.objektraum.com\/wp-content\/uploads\/2010\/10\/IMG_5801-590x393.jpg 590w, https:\/\/www.objektraum.com\/wp-content\/uploads\/2010\/10\/IMG_5801-950x633.jpg 950w, https:\/\/www.objektraum.com\/wp-content\/uploads\/2010\/10\/IMG_5801.jpg 1024w\" sizes=\"(max-width: 801px) 100vw, 801px\" \/><\/a><a href=\"http:\/\/s339564132.online.de\/wp-content\/uploads\/2010\/10\/IMG_5807_8_9_tonemapped.jpg\"><img decoding=\"async\" class=\"alignnone wp-image-86\" title=\"Gartenseite E2\" src=\"http:\/\/s339564132.online.de\/wp-content\/uploads\/2010\/10\/IMG_5807_8_9_tonemapped-300x200.jpg\" width=\"400\" height=\"267\" srcset=\"https:\/\/www.objektraum.com\/wp-content\/uploads\/2010\/10\/IMG_5807_8_9_tonemapped-300x200.jpg 300w, https:\/\/www.objektraum.com\/wp-content\/uploads\/2010\/10\/IMG_5807_8_9_tonemapped-590x393.jpg 590w, https:\/\/www.objektraum.com\/wp-content\/uploads\/2010\/10\/IMG_5807_8_9_tonemapped-950x633.jpg 950w, https:\/\/www.objektraum.com\/wp-content\/uploads\/2010\/10\/IMG_5807_8_9_tonemapped.jpg 1024w\" sizes=\"(max-width: 400px) 100vw, 400px\" \/><\/a><a href=\"http:\/\/s339564132.online.de\/wp-content\/uploads\/2010\/10\/P1060794.jpg\"><img decoding=\"async\" class=\"alignnone wp-image-83\" title=\"Rohbau mit Mauertafel-Bauweise\" src=\"http:\/\/s339564132.online.de\/wp-content\/uploads\/2010\/10\/P1060794-300x225.jpg\" width=\"400\" height=\"300\" srcset=\"https:\/\/www.objektraum.com\/wp-content\/uploads\/2010\/10\/P1060794-300x225.jpg 300w, https:\/\/www.objektraum.com\/wp-content\/uploads\/2010\/10\/P1060794-590x442.jpg 590w, https:\/\/www.objektraum.com\/wp-content\/uploads\/2010\/10\/P1060794-950x712.jpg 950w, https:\/\/www.objektraum.com\/wp-content\/uploads\/2010\/10\/P1060794.jpg 1024w\" sizes=\"(max-width: 400px) 100vw, 400px\" \/><\/a><\/p>\n<p><strong>Neubau in einem Baugebiet der 1960er Jahre in Winningen<\/strong><\/p>\n<p>Standort: Winningen<\/p>\n<p>Bauherr: privat<\/p>\n<p>Baujahr: 2008\/2009<\/p>\n<p>Preistr\u00e4ger &#8222;UnserEner&#8220;-Wettbewerb 2010\/2011 in der Kategorie &#8222;Neubau&#8220; (3. Platz)<\/p>\n<p>Als Stadtvilla konzipiert kann es dieser Entwurf stilistisch auch mit den massiven Nachbarn der 1960er und 1990er Jahre (allesamt Mehrfamilienh\u00e4user) aufnehmen: von Carport und Garage flankiert erf\u00fcllt das Geb\u00e4ude sowohl die Anforderungen der Bauherren als auch die auf repr\u00e4sentative Einpassung in die Umgebung bedachten \u00dcberlegungen der Architekten.<\/p>\n<p>Das Geb\u00e4ude ist als Energiegewinnhaus mit einer gro\u00dfz\u00fcgig dimensionierten und hinsichtlich Ausrichtung\/Auslegung\/Dachneigung optimierten Photovoltaikanlage ausger\u00fcstet\u00a0\u2013 eine sehr gute Isolierung rundum unter Einsatz von neuester D\u00e4mmtechnologie (Sch\u00f6ck Isokorb XT \/ D\u00e4mmung mit WLG 022) ist ein zus\u00e4tzlicher Bonus.<\/p>\n<p>Die Wohnfl\u00e4che ist mit \u00fcber 200 m2 auf drei Geschossen gro\u00dfz\u00fcgig bemessen, bedingt durch den Verzicht auf einen Keller sind Garage und Gartenschuppen integraler Bestandteil der Planung gewesen.<\/p>\n<p>F\u00fcr Heizung\/L\u00fcftung\/Warmwasser kommt wie beim E1 auch ein zentrales Kompakt-Ger\u00e4t zum Einsatz.<\/p>\n","protected":false},"excerpt":{"rendered":"<p>Neubau in einem Baugebiet der 1960er Jahre in Winningen Standort: Winningen Bauherr: privat Baujahr: 2008\/2009 Preistr\u00e4ger &#8222;UnserEner&#8220;-Wettbewerb 2010\/2011 in der Kategorie &#8222;Neubau&#8220; (3. Platz) Als Stadtvilla konzipiert kann es dieser Entwurf stilistisch auch mit den massiven Nachbarn der 1960er und 1990er Jahre (allesamt Mehrfamilienh\u00e4user) aufnehmen: von Carport und Garage flankiert erf\u00fcllt das Geb\u00e4ude sowohl die [&hellip;]<\/p>\n","protected":false},"author":2,"featured_media":87,"parent":2,"menu_order":2,"comment_status":"closed","ping_status":"closed","template":"","meta":{"footnotes":""},"class_list":["post-73","page","type-page","status-publish","has-post-thumbnail","hentry"],"_links":{"self":[{"href":"https:\/\/www.objektraum.com\/index.php?rest_route=\/wp\/v2\/pages\/73","targetHints":{"allow":["GET"]}}],"collection":[{"href":"https:\/\/www.objektraum.com\/index.php?rest_route=\/wp\/v2\/pages"}],"about":[{"href":"https:\/\/www.objektraum.com\/index.php?rest_route=\/wp\/v2\/types\/page"}],"author":[{"embeddable":true,"href":"https:\/\/www.objektraum.com\/index.php?rest_route=\/wp\/v2\/users\/2"}],"replies":[{"embeddable":true,"href":"https:\/\/www.objektraum.com\/index.php?rest_route=%2Fwp%2Fv2%2Fcomments&post=73"}],"version-history":[{"count":21,"href":"https:\/\/www.objektraum.com\/index.php?rest_route=\/wp\/v2\/pages\/73\/revisions"}],"predecessor-version":[{"id":378,"href":"https:\/\/www.objektraum.com\/index.php?rest_route=\/wp\/v2\/pages\/73\/revisions\/378"}],"up":[{"embeddable":true,"href":"https:\/\/www.objektraum.com\/index.php?rest_route=\/wp\/v2\/pages\/2"}],"wp:featuredmedia":[{"embeddable":true,"href":"https:\/\/www.objektraum.com\/index.php?rest_route=\/wp\/v2\/media\/87"}],"wp:attachment":[{"href":"https:\/\/www.objektraum.com\/index.php?rest_route=%2Fwp%2Fv2%2Fmedia&parent=73"}],"curies":[{"name":"wp","href":"https:\/\/api.w.org\/{rel}","templated":true}]}}