{"id":76,"date":"2010-10-06T21:14:15","date_gmt":"2010-10-06T19:14:15","guid":{"rendered":"http:\/\/s339564132.online.de\/?page_id=76"},"modified":"2016-04-25T07:27:47","modified_gmt":"2016-04-25T06:27:47","slug":"energiegewinnhaus-e3","status":"publish","type":"page","link":"https:\/\/www.objektraum.com\/?page_id=76","title":{"rendered":"Energiegewinnhaus E3\/E4"},"content":{"rendered":"<p><strong>Energiegewinnhaus E3: Neubau als Ersatz eines Bestandsgeb\u00e4udes<\/strong><\/p>\n<p>Bauort: Winningen \/\u00a0Bauherr: privat \/\u00a0Baujahr: 2009\/2010<\/p>\n<p>Features: KNX, Gigabit-Netz, integr. W\u00e4rmepumpen\/L\u00fcftungsger\u00e4t, autom. Verschalung, optimierte H\u00fclle trotz ung\u00fcnstigem A\/V-Verh\u00e4ltnis<\/p>\n<p>&nbsp;<\/p>\n<p><strong>Energiegewinnhaus E4: Neubau am Moselhang<\/strong><\/p>\n<p>Bauort: Burgen\/Mosel \/\u00a0Bauherr: privat \/\u00a0Baujahr: 2009\/2010<\/p>\n<p>Features: barrierefrei am Hang, W\u00e4rmepumpe + L\u00fcftungsanlage + PV, EOR-F\u00f6rderung, Dachterrassen mit Moselblick<\/p>\n<p>&nbsp;<\/p>\n","protected":false},"excerpt":{"rendered":"<p>Energiegewinnhaus E3: Neubau als Ersatz eines Bestandsgeb\u00e4udes Bauort: Winningen \/\u00a0Bauherr: privat \/\u00a0Baujahr: 2009\/2010 Features: KNX, Gigabit-Netz, integr. W\u00e4rmepumpen\/L\u00fcftungsger\u00e4t, autom. Verschalung, optimierte H\u00fclle trotz ung\u00fcnstigem A\/V-Verh\u00e4ltnis &nbsp; Energiegewinnhaus E4: Neubau am Moselhang Bauort: Burgen\/Mosel \/\u00a0Bauherr: privat \/\u00a0Baujahr: 2009\/2010 Features: barrierefrei am Hang, W\u00e4rmepumpe + L\u00fcftungsanlage + PV, EOR-F\u00f6rderung, Dachterrassen mit Moselblick &nbsp;<\/p>\n","protected":false},"author":2,"featured_media":0,"parent":2,"menu_order":3,"comment_status":"open","ping_status":"open","template":"","meta":{"footnotes":""},"class_list":["post-76","page","type-page","status-publish","hentry"],"_links":{"self":[{"href":"https:\/\/www.objektraum.com\/index.php?rest_route=\/wp\/v2\/pages\/76","targetHints":{"allow":["GET"]}}],"collection":[{"href":"https:\/\/www.objektraum.com\/index.php?rest_route=\/wp\/v2\/pages"}],"about":[{"href":"https:\/\/www.objektraum.com\/index.php?rest_route=\/wp\/v2\/types\/page"}],"author":[{"embeddable":true,"href":"https:\/\/www.objektraum.com\/index.php?rest_route=\/wp\/v2\/users\/2"}],"replies":[{"embeddable":true,"href":"https:\/\/www.objektraum.com\/index.php?rest_route=%2Fwp%2Fv2%2Fcomments&post=76"}],"version-history":[{"count":12,"href":"https:\/\/www.objektraum.com\/index.php?rest_route=\/wp\/v2\/pages\/76\/revisions"}],"predecessor-version":[{"id":399,"href":"https:\/\/www.objektraum.com\/index.php?rest_route=\/wp\/v2\/pages\/76\/revisions\/399"}],"up":[{"embeddable":true,"href":"https:\/\/www.objektraum.com\/index.php?rest_route=\/wp\/v2\/pages\/2"}],"wp:attachment":[{"href":"https:\/\/www.objektraum.com\/index.php?rest_route=%2Fwp%2Fv2%2Fmedia&parent=76"}],"curies":[{"name":"wp","href":"https:\/\/api.w.org\/{rel}","templated":true}]}}