{"id":9,"date":"2010-09-15T22:03:47","date_gmt":"2010-09-15T20:03:47","guid":{"rendered":"http:\/\/s339564132.online.de\/?page_id=9"},"modified":"2016-04-24T18:50:13","modified_gmt":"2016-04-24T17:50:13","slug":"energieconsulting","status":"publish","type":"page","link":"https:\/\/www.objektraum.com\/?page_id=9","title":{"rendered":"Energieberatung"},"content":{"rendered":"<p>&nbsp;<\/p>\n<p><img fetchpriority=\"high\" decoding=\"async\" class=\"alignnone size-full wp-image-368\" src=\"https:\/\/www.objektraum.com\/wp-content\/uploads\/FLIR0125-1.jpg\" alt=\"FLIR0125\" width=\"640\" height=\"480\" srcset=\"https:\/\/www.objektraum.com\/wp-content\/uploads\/FLIR0125-1.jpg 640w, https:\/\/www.objektraum.com\/wp-content\/uploads\/FLIR0125-1-300x225.jpg 300w\" sizes=\"(max-width: 640px) 100vw, 640px\" \/><\/p>\n<p>Die energetische Sanierung von Bestandsgeb\u00e4uden ist neben dem Neubau von Effizienzgeb\u00e4uden das zweite Standbein von (objektraum).<\/p>\n<p>Ale bisher realisierten Umbau- und Sanierungsprojekte hatten eine drastische Reduzierung des Energiebedarfs und damit auch eine entsprechende Reduzierung der Betriebskosten zur Folge.<\/p>\n<p>Gleichzeitig erh\u00f6ht sich der Wohnkomfort in der Regel in einem enormen Ma\u00dfe: W\u00e4rmebr\u00fccken werden isoliert, Undichtigkeiten behoben, der Einbau von kontrollierter Be- und Entl\u00fcftung ist bei fast allen Projekten ein gern genommener Standard.<\/p>\n<p>Die Kombination mit neuester und individuell auf das Projekt abgestimmter Anlagentechnik garantiert ein Optimum f\u00fcr das jeweilige Projekt. Diese Auswahl erfolgt hersteller\u00fcbergreifend und mit Bedacht f\u00fcr die jeweilige Nutzung.<\/p>\n<p>Bei geeigneten Au\u00dfenbedingungen k\u00f6nnen jederzeit unterst\u00fctzende Thermografien mit eigener Flir Hochleistungskamera durchgef\u00fchrt werden.<\/p>\n","protected":false},"excerpt":{"rendered":"<p>&nbsp; Die energetische Sanierung von Bestandsgeb\u00e4uden ist neben dem Neubau von Effizienzgeb\u00e4uden das zweite Standbein von (objektraum). Ale bisher realisierten Umbau- und Sanierungsprojekte hatten eine drastische Reduzierung des Energiebedarfs und damit auch eine entsprechende Reduzierung der Betriebskosten zur Folge. Gleichzeitig erh\u00f6ht sich der Wohnkomfort in der Regel in einem enormen Ma\u00dfe: W\u00e4rmebr\u00fccken werden isoliert, Undichtigkeiten [&hellip;]<\/p>\n","protected":false},"author":2,"featured_media":0,"parent":0,"menu_order":0,"comment_status":"open","ping_status":"open","template":"","meta":{"footnotes":""},"class_list":["post-9","page","type-page","status-publish","hentry"],"_links":{"self":[{"href":"https:\/\/www.objektraum.com\/index.php?rest_route=\/wp\/v2\/pages\/9","targetHints":{"allow":["GET"]}}],"collection":[{"href":"https:\/\/www.objektraum.com\/index.php?rest_route=\/wp\/v2\/pages"}],"about":[{"href":"https:\/\/www.objektraum.com\/index.php?rest_route=\/wp\/v2\/types\/page"}],"author":[{"embeddable":true,"href":"https:\/\/www.objektraum.com\/index.php?rest_route=\/wp\/v2\/users\/2"}],"replies":[{"embeddable":true,"href":"https:\/\/www.objektraum.com\/index.php?rest_route=%2Fwp%2Fv2%2Fcomments&post=9"}],"version-history":[{"count":7,"href":"https:\/\/www.objektraum.com\/index.php?rest_route=\/wp\/v2\/pages\/9\/revisions"}],"predecessor-version":[{"id":369,"href":"https:\/\/www.objektraum.com\/index.php?rest_route=\/wp\/v2\/pages\/9\/revisions\/369"}],"wp:attachment":[{"href":"https:\/\/www.objektraum.com\/index.php?rest_route=%2Fwp%2Fv2%2Fmedia&parent=9"}],"curies":[{"name":"wp","href":"https:\/\/api.w.org\/{rel}","templated":true}]}}